{"id":178,"date":"2024-03-20T14:12:28","date_gmt":"2024-03-20T13:12:28","guid":{"rendered":"https:\/\/vitaldent.diga-33.com\/es\/clinica-dental\/?page_id=178"},"modified":"2025-06-20T13:36:10","modified_gmt":"2025-06-20T11:36:10","slug":"resultados","status":"publish","type":"page","link":"https:\/\/vitaldent.diga-33.com\/es\/clinica-dental\/","title":{"rendered":"Resultados"},"content":{"rendered":"","protected":false},"excerpt":{"rendered":"","protected":false},"author":1,"featured_media":0,"parent":0,"menu_order":0,"comment_status":"closed","ping_status":"closed","template":"","meta":{"footnotes":""},"class_list":["post-178","page","type-page","status-publish","hentry"],"yoast_head":"<!-- This site is optimized with the Yoast SEO plugin v24.2 - https:\/\/yoast.com\/wordpress\/plugins\/seo\/ -->\n<title>Cl\u00ednicas dentales Vitaldent \u25b7 Encuentra tu dentista m\u00e1s cercano<\/title>\n<meta name=\"description\" content=\"\u00a1Encuentra tu Cl\u00ednica Dental Vitaldent m\u00e1s cercana y pide cita con nuestros dentistas especialistas! \u226b Atenci\u00f3n profesional y \u00faltima tecnolog\u00eda en tratamientos\" \/>\n<meta name=\"robots\" content=\"noindex, follow, max-snippet:-1, max-image-preview:large, max-video-preview:-1\" \/>\n<meta property=\"og:locale\" content=\"es_ES\" \/>\n<meta property=\"og:type\" content=\"article\" \/>\n<meta property=\"og:title\" content=\"Cl\u00ednicas dentales Vitaldent \u25b7 Encuentra tu dentista m\u00e1s cercano\" \/>\n<meta property=\"og:description\" content=\"\u00a1Encuentra tu Cl\u00ednica Dental Vitaldent m\u00e1s cercana y pide cita con nuestros dentistas especialistas! \u226b Atenci\u00f3n profesional y \u00faltima tecnolog\u00eda en tratamientos\" \/>\n<meta property=\"og:url\" content=\"https:\/\/vitaldent.diga-33.com\/es\/clinica-dental\/\" \/>\n<meta property=\"og:site_name\" content=\"Clinicas Vitaldent\" \/>\n<meta property=\"article:modified_time\" content=\"2025-06-20T11:36:10+00:00\" \/>\n<meta name=\"twitter:card\" content=\"summary_large_image\" \/>\n<meta name=\"twitter:label1\" content=\"Tiempo de lectura\" \/>\n\t<meta name=\"twitter:data1\" content=\"1 minuto\" \/>\n<script type=\"application\/ld+json\" class=\"yoast-schema-graph\">{\"@context\":\"https:\/\/schema.org\",\"@graph\":[{\"@type\":\"WebPage\",\"@id\":\"https:\/\/vitaldent.diga-33.com\/es\/clinica-dental\/\",\"url\":\"https:\/\/vitaldent.diga-33.com\/es\/clinica-dental\/\",\"name\":\"Cl\u00ednicas dentales Vitaldent \u25b7 Encuentra tu dentista m\u00e1s cercano\",\"isPartOf\":{\"@id\":\"https:\/\/vitaldent.diga-33.com\/es\/clinica-dental\/#website\"},\"datePublished\":\"2024-03-20T13:12:28+00:00\",\"dateModified\":\"2025-06-20T11:36:10+00:00\",\"description\":\"\u00a1Encuentra tu Cl\u00ednica Dental Vitaldent m\u00e1s cercana y pide cita con nuestros dentistas especialistas! \u226b Atenci\u00f3n profesional y \u00faltima tecnolog\u00eda en tratamientos\",\"breadcrumb\":{\"@id\":\"https:\/\/vitaldent.diga-33.com\/es\/clinica-dental\/#breadcrumb\"},\"inLanguage\":\"es\",\"potentialAction\":[{\"@type\":\"ReadAction\",\"target\":[\"https:\/\/vitaldent.diga-33.com\/es\/clinica-dental\/\"]}]},{\"@type\":\"BreadcrumbList\",\"@id\":\"https:\/\/vitaldent.diga-33.com\/es\/clinica-dental\/#breadcrumb\",\"itemListElement\":[{\"@type\":\"ListItem\",\"position\":1,\"name\":\"Inicio\",\"item\":\"https:\/\/vitaldent.diga-33.com\/es\/clinica-dental\/\"},{\"@type\":\"ListItem\",\"position\":2,\"name\":\"Resultados\"}]},{\"@type\":\"WebSite\",\"@id\":\"https:\/\/vitaldent.diga-33.com\/es\/clinica-dental\/#website\",\"url\":\"https:\/\/vitaldent.diga-33.com\/es\/clinica-dental\/\",\"name\":\"Clinicas Vitaldent\",\"description\":\"\",\"publisher\":{\"@id\":\"https:\/\/vitaldent.diga-33.com\/es\/clinica-dental\/#organization\"},\"potentialAction\":[{\"@type\":\"SearchAction\",\"target\":{\"@type\":\"EntryPoint\",\"urlTemplate\":\"https:\/\/vitaldent.diga-33.com\/es\/clinica-dental\/?s={search_term_string}\"},\"query-input\":{\"@type\":\"PropertyValueSpecification\",\"valueRequired\":true,\"valueName\":\"search_term_string\"}}],\"inLanguage\":\"es\"},{\"@type\":\"Organization\",\"@id\":\"https:\/\/vitaldent.diga-33.com\/es\/clinica-dental\/#organization\",\"name\":\"Clinicas Vitaldent\",\"url\":\"https:\/\/vitaldent.diga-33.com\/es\/clinica-dental\/\",\"logo\":{\"@type\":\"ImageObject\",\"inLanguage\":\"es\",\"@id\":\"https:\/\/vitaldent.diga-33.com\/es\/clinica-dental\/#\/schema\/logo\/image\/\",\"url\":\"https:\/\/vitaldent.diga-33.com\/es\/clinica-dental\/wp-content\/uploads\/2024\/03\/logo.svg\",\"contentUrl\":\"https:\/\/vitaldent.diga-33.com\/es\/clinica-dental\/wp-content\/uploads\/2024\/03\/logo.svg\",\"caption\":\"Clinicas Vitaldent\"},\"image\":{\"@id\":\"https:\/\/vitaldent.diga-33.com\/es\/clinica-dental\/#\/schema\/logo\/image\/\"}}]}<\/script>\n<!-- \/ Yoast SEO plugin. -->","yoast_head_json":{"title":"Cl\u00ednicas dentales Vitaldent \u25b7 Encuentra tu dentista m\u00e1s cercano","description":"\u00a1Encuentra tu Cl\u00ednica Dental Vitaldent m\u00e1s cercana y pide cita con nuestros dentistas especialistas! \u226b Atenci\u00f3n profesional y \u00faltima tecnolog\u00eda en tratamientos","robots":{"index":"noindex","follow":"follow","max-snippet":"max-snippet:-1","max-image-preview":"max-image-preview:large","max-video-preview":"max-video-preview:-1"},"og_locale":"es_ES","og_type":"article","og_title":"Cl\u00ednicas dentales Vitaldent \u25b7 Encuentra tu dentista m\u00e1s cercano","og_description":"\u00a1Encuentra tu Cl\u00ednica Dental Vitaldent m\u00e1s cercana y pide cita con nuestros dentistas especialistas! \u226b Atenci\u00f3n profesional y \u00faltima tecnolog\u00eda en tratamientos","og_url":"https:\/\/vitaldent.diga-33.com\/es\/clinica-dental\/","og_site_name":"Clinicas Vitaldent","article_modified_time":"2025-06-20T11:36:10+00:00","twitter_card":"summary_large_image","twitter_misc":{"Tiempo de lectura":"1 minuto"},"schema":{"@context":"https:\/\/schema.org","@graph":[{"@type":"WebPage","@id":"https:\/\/vitaldent.diga-33.com\/es\/clinica-dental\/","url":"https:\/\/vitaldent.diga-33.com\/es\/clinica-dental\/","name":"Cl\u00ednicas dentales Vitaldent \u25b7 Encuentra tu dentista m\u00e1s cercano","isPartOf":{"@id":"https:\/\/vitaldent.diga-33.com\/es\/clinica-dental\/#website"},"datePublished":"2024-03-20T13:12:28+00:00","dateModified":"2025-06-20T11:36:10+00:00","description":"\u00a1Encuentra tu Cl\u00ednica Dental Vitaldent m\u00e1s cercana y pide cita con nuestros dentistas especialistas! \u226b Atenci\u00f3n profesional y \u00faltima tecnolog\u00eda en tratamientos","breadcrumb":{"@id":"https:\/\/vitaldent.diga-33.com\/es\/clinica-dental\/#breadcrumb"},"inLanguage":"es","potentialAction":[{"@type":"ReadAction","target":["https:\/\/vitaldent.diga-33.com\/es\/clinica-dental\/"]}]},{"@type":"BreadcrumbList","@id":"https:\/\/vitaldent.diga-33.com\/es\/clinica-dental\/#breadcrumb","itemListElement":[{"@type":"ListItem","position":1,"name":"Inicio","item":"https:\/\/vitaldent.diga-33.com\/es\/clinica-dental\/"},{"@type":"ListItem","position":2,"name":"Resultados"}]},{"@type":"WebSite","@id":"https:\/\/vitaldent.diga-33.com\/es\/clinica-dental\/#website","url":"https:\/\/vitaldent.diga-33.com\/es\/clinica-dental\/","name":"Clinicas Vitaldent","description":"","publisher":{"@id":"https:\/\/vitaldent.diga-33.com\/es\/clinica-dental\/#organization"},"potentialAction":[{"@type":"SearchAction","target":{"@type":"EntryPoint","urlTemplate":"https:\/\/vitaldent.diga-33.com\/es\/clinica-dental\/?s={search_term_string}"},"query-input":{"@type":"PropertyValueSpecification","valueRequired":true,"valueName":"search_term_string"}}],"inLanguage":"es"},{"@type":"Organization","@id":"https:\/\/vitaldent.diga-33.com\/es\/clinica-dental\/#organization","name":"Clinicas Vitaldent","url":"https:\/\/vitaldent.diga-33.com\/es\/clinica-dental\/","logo":{"@type":"ImageObject","inLanguage":"es","@id":"https:\/\/vitaldent.diga-33.com\/es\/clinica-dental\/#\/schema\/logo\/image\/","url":"https:\/\/vitaldent.diga-33.com\/es\/clinica-dental\/wp-content\/uploads\/2024\/03\/logo.svg","contentUrl":"https:\/\/vitaldent.diga-33.com\/es\/clinica-dental\/wp-content\/uploads\/2024\/03\/logo.svg","caption":"Clinicas Vitaldent"},"image":{"@id":"https:\/\/vitaldent.diga-33.com\/es\/clinica-dental\/#\/schema\/logo\/image\/"}}]}},"_links":{"self":[{"href":"https:\/\/vitaldent.diga-33.com\/es\/clinica-dental\/wp-json\/wp\/v2\/pages\/178","targetHints":{"allow":["GET"]}}],"collection":[{"href":"https:\/\/vitaldent.diga-33.com\/es\/clinica-dental\/wp-json\/wp\/v2\/pages"}],"about":[{"href":"https:\/\/vitaldent.diga-33.com\/es\/clinica-dental\/wp-json\/wp\/v2\/types\/page"}],"author":[{"embeddable":true,"href":"https:\/\/vitaldent.diga-33.com\/es\/clinica-dental\/wp-json\/wp\/v2\/users\/1"}],"replies":[{"embeddable":true,"href":"https:\/\/vitaldent.diga-33.com\/es\/clinica-dental\/wp-json\/wp\/v2\/comments?post=178"}],"version-history":[{"count":82,"href":"https:\/\/vitaldent.diga-33.com\/es\/clinica-dental\/wp-json\/wp\/v2\/pages\/178\/revisions"}],"predecessor-version":[{"id":3321,"href":"https:\/\/vitaldent.diga-33.com\/es\/clinica-dental\/wp-json\/wp\/v2\/pages\/178\/revisions\/3321"}],"wp:attachment":[{"href":"https:\/\/vitaldent.diga-33.com\/es\/clinica-dental\/wp-json\/wp\/v2\/media?parent=178"}],"curies":[{"name":"wp","href":"https:\/\/api.w.org\/{rel}","templated":true}]}} 