{"id":1971,"date":"2024-04-29T18:45:50","date_gmt":"2024-04-29T16:45:50","guid":{"rendered":"https:\/\/vitaldent.diga-33.com\/es\/clinica-dental\/?page_id=1971"},"modified":"2024-05-17T16:33:55","modified_gmt":"2024-05-17T14:33:55","slug":"clinica-dental-vitaldent-alcala-de-henares-nueva-alcala-7","status":"publish","type":"page","link":"https:\/\/vitaldent.diga-33.com\/es\/clinica-dental\/madrid\/clinica-dental-vitaldent-alcala-de-henares-nueva-alcala-7","title":{"rendered":"Cl\u00ednica Dental Vitaldent Alcal\u00e1 de Henares Nueva Alcal\u00e1"},"content":{"rendered":"","protected":false},"excerpt":{"rendered":"","protected":false},"author":2,"featured_media":0,"parent":184,"menu_order":0,"comment_status":"closed","ping_status":"closed","template":"","meta":{"footnotes":""},"class_list":["post-1971","page","type-page","status-publish","hentry"],"yoast_head":"<!-- This site is optimized with the Yoast SEO plugin v24.2 - https:\/\/yoast.com\/wordpress\/plugins\/seo\/ -->\n<title>Clinica dental en Alcal\u00e1 de Henares Nueva Alcal\u00e1 \u27a8 Dentista en Alcal\u00e1 de Henares | Vitaldent<\/title>\n<meta name=\"description\" content=\"Cl\u00ednica dental Vitaldent en C. Rda. Fiscal, 8, Esquina Paseo de Pastrana, Alcal\u00e1 de Henares. \u2713 Consulta el listado de tratamientos de tu cl\u00ednica m\u00e1s cercana \u2713 \u00a1Pide cita con tu dentista!\" \/>\n<meta name=\"robots\" content=\"noindex, follow, max-snippet:-1, max-image-preview:large, max-video-preview:-1\" \/>\n<meta property=\"og:locale\" content=\"es_ES\" \/>\n<meta property=\"og:type\" content=\"article\" \/>\n<meta property=\"og:title\" content=\"Clinica dental en Alcal\u00e1 de Henares Nueva Alcal\u00e1 \u27a8 Dentista en Alcal\u00e1 de Henares | Vitaldent\" \/>\n<meta property=\"og:description\" content=\"Cl\u00ednica dental Vitaldent en C. Rda. Fiscal, 8, Esquina Paseo de Pastrana, Alcal\u00e1 de Henares. \u2713 Consulta el listado de tratamientos de tu cl\u00ednica m\u00e1s cercana \u2713 \u00a1Pide cita con tu dentista!\" \/>\n<meta property=\"og:url\" content=\"https:\/\/vitaldent.diga-33.com\/es\/clinica-dental\/madrid\/clinica-dental-vitaldent-alcala-de-henares-nueva-alcala-7\" \/>\n<meta property=\"og:site_name\" content=\"Clinicas Vitaldent\" \/>\n<meta property=\"article:modified_time\" content=\"2024-05-17T14:33:55+00:00\" \/>\n<meta name=\"twitter:card\" content=\"summary_large_image\" \/>\n<script type=\"application\/ld+json\" class=\"yoast-schema-graph\">{\"@context\":\"https:\/\/schema.org\",\"@graph\":[{\"@type\":\"WebPage\",\"@id\":\"https:\/\/vitaldent.diga-33.com\/es\/clinica-dental\/madrid\/clinica-dental-vitaldent-alcala-de-henares-nueva-alcala-7\",\"url\":\"https:\/\/vitaldent.diga-33.com\/es\/clinica-dental\/madrid\/clinica-dental-vitaldent-alcala-de-henares-nueva-alcala-7\",\"name\":\"Clinica dental en Alcal\u00e1 de Henares Nueva Alcal\u00e1 \u27a8 Dentista en Alcal\u00e1 de Henares | Vitaldent\",\"isPartOf\":{\"@id\":\"https:\/\/vitaldent.diga-33.com\/es\/clinica-dental\/#website\"},\"datePublished\":\"2024-04-29T16:45:50+00:00\",\"dateModified\":\"2024-05-17T14:33:55+00:00\",\"description\":\"Cl\u00ednica dental Vitaldent en C. Rda. Fiscal, 8, Esquina Paseo de Pastrana, Alcal\u00e1 de Henares. \u2713 Consulta el listado de tratamientos de tu cl\u00ednica m\u00e1s cercana \u2713 \u00a1Pide cita con tu dentista!\",\"breadcrumb\":{\"@id\":\"https:\/\/vitaldent.diga-33.com\/es\/clinica-dental\/madrid\/clinica-dental-vitaldent-alcala-de-henares-nueva-alcala-7#breadcrumb\"},\"inLanguage\":\"es\",\"potentialAction\":[{\"@type\":\"ReadAction\",\"target\":[\"https:\/\/vitaldent.diga-33.com\/es\/clinica-dental\/madrid\/clinica-dental-vitaldent-alcala-de-henares-nueva-alcala-7\"]}]},{\"@type\":\"BreadcrumbList\",\"@id\":\"https:\/\/vitaldent.diga-33.com\/es\/clinica-dental\/madrid\/clinica-dental-vitaldent-alcala-de-henares-nueva-alcala-7#breadcrumb\",\"itemListElement\":[{\"@type\":\"ListItem\",\"position\":1,\"name\":\"Inicio\",\"item\":\"https:\/\/vitaldent.diga-33.com\/es\/clinica-dental\/\"},{\"@type\":\"ListItem\",\"position\":2,\"name\":\"Madrid\",\"item\":\"https:\/\/vitaldent.diga-33.com\/es\/clinica-dental\/madrid\"},{\"@type\":\"ListItem\",\"position\":3,\"name\":\"Cl\u00ednica Dental Vitaldent Alcal\u00e1 de Henares Nueva Alcal\u00e1\"}]},{\"@type\":\"WebSite\",\"@id\":\"https:\/\/vitaldent.diga-33.com\/es\/clinica-dental\/#website\",\"url\":\"https:\/\/vitaldent.diga-33.com\/es\/clinica-dental\/\",\"name\":\"Clinicas Vitaldent\",\"description\":\"\",\"publisher\":{\"@id\":\"https:\/\/vitaldent.diga-33.com\/es\/clinica-dental\/#organization\"},\"potentialAction\":[{\"@type\":\"SearchAction\",\"target\":{\"@type\":\"EntryPoint\",\"urlTemplate\":\"https:\/\/vitaldent.diga-33.com\/es\/clinica-dental\/?s={search_term_string}\"},\"query-input\":{\"@type\":\"PropertyValueSpecification\",\"valueRequired\":true,\"valueName\":\"search_term_string\"}}],\"inLanguage\":\"es\"},{\"@type\":\"Organization\",\"@id\":\"https:\/\/vitaldent.diga-33.com\/es\/clinica-dental\/#organization\",\"name\":\"Clinicas Vitaldent\",\"url\":\"https:\/\/vitaldent.diga-33.com\/es\/clinica-dental\/\",\"logo\":{\"@type\":\"ImageObject\",\"inLanguage\":\"es\",\"@id\":\"https:\/\/vitaldent.diga-33.com\/es\/clinica-dental\/#\/schema\/logo\/image\/\",\"url\":\"https:\/\/vitaldent.diga-33.com\/es\/clinica-dental\/wp-content\/uploads\/2024\/03\/logo.svg\",\"contentUrl\":\"https:\/\/vitaldent.diga-33.com\/es\/clinica-dental\/wp-content\/uploads\/2024\/03\/logo.svg\",\"caption\":\"Clinicas Vitaldent\"},\"image\":{\"@id\":\"https:\/\/vitaldent.diga-33.com\/es\/clinica-dental\/#\/schema\/logo\/image\/\"}}]}<\/script>\n<!-- \/ Yoast SEO plugin. -->","yoast_head_json":{"title":"Clinica dental en Alcal\u00e1 de Henares Nueva Alcal\u00e1 \u27a8 Dentista en Alcal\u00e1 de Henares | Vitaldent","description":"Cl\u00ednica dental Vitaldent en C. Rda. Fiscal, 8, Esquina Paseo de Pastrana, Alcal\u00e1 de Henares. \u2713 Consulta el listado de tratamientos de tu cl\u00ednica m\u00e1s cercana \u2713 \u00a1Pide cita con tu dentista!","robots":{"index":"noindex","follow":"follow","max-snippet":"max-snippet:-1","max-image-preview":"max-image-preview:large","max-video-preview":"max-video-preview:-1"},"og_locale":"es_ES","og_type":"article","og_title":"Clinica dental en Alcal\u00e1 de Henares Nueva Alcal\u00e1 \u27a8 Dentista en Alcal\u00e1 de Henares | Vitaldent","og_description":"Cl\u00ednica dental Vitaldent en C. Rda. Fiscal, 8, Esquina Paseo de Pastrana, Alcal\u00e1 de Henares. \u2713 Consulta el listado de tratamientos de tu cl\u00ednica m\u00e1s cercana \u2713 \u00a1Pide cita con tu dentista!","og_url":"https:\/\/vitaldent.diga-33.com\/es\/clinica-dental\/madrid\/clinica-dental-vitaldent-alcala-de-henares-nueva-alcala-7","og_site_name":"Clinicas Vitaldent","article_modified_time":"2024-05-17T14:33:55+00:00","twitter_card":"summary_large_image","schema":{"@context":"https:\/\/schema.org","@graph":[{"@type":"WebPage","@id":"https:\/\/vitaldent.diga-33.com\/es\/clinica-dental\/madrid\/clinica-dental-vitaldent-alcala-de-henares-nueva-alcala-7","url":"https:\/\/vitaldent.diga-33.com\/es\/clinica-dental\/madrid\/clinica-dental-vitaldent-alcala-de-henares-nueva-alcala-7","name":"Clinica dental en Alcal\u00e1 de Henares Nueva Alcal\u00e1 \u27a8 Dentista en Alcal\u00e1 de Henares | Vitaldent","isPartOf":{"@id":"https:\/\/vitaldent.diga-33.com\/es\/clinica-dental\/#website"},"datePublished":"2024-04-29T16:45:50+00:00","dateModified":"2024-05-17T14:33:55+00:00","description":"Cl\u00ednica dental Vitaldent en C. Rda. Fiscal, 8, Esquina Paseo de Pastrana, Alcal\u00e1 de Henares. \u2713 Consulta el listado de tratamientos de tu cl\u00ednica m\u00e1s cercana \u2713 \u00a1Pide cita con tu dentista!","breadcrumb":{"@id":"https:\/\/vitaldent.diga-33.com\/es\/clinica-dental\/madrid\/clinica-dental-vitaldent-alcala-de-henares-nueva-alcala-7#breadcrumb"},"inLanguage":"es","potentialAction":[{"@type":"ReadAction","target":["https:\/\/vitaldent.diga-33.com\/es\/clinica-dental\/madrid\/clinica-dental-vitaldent-alcala-de-henares-nueva-alcala-7"]}]},{"@type":"BreadcrumbList","@id":"https:\/\/vitaldent.diga-33.com\/es\/clinica-dental\/madrid\/clinica-dental-vitaldent-alcala-de-henares-nueva-alcala-7#breadcrumb","itemListElement":[{"@type":"ListItem","position":1,"name":"Inicio","item":"https:\/\/vitaldent.diga-33.com\/es\/clinica-dental\/"},{"@type":"ListItem","position":2,"name":"Madrid","item":"https:\/\/vitaldent.diga-33.com\/es\/clinica-dental\/madrid"},{"@type":"ListItem","position":3,"name":"Cl\u00ednica Dental Vitaldent Alcal\u00e1 de Henares Nueva Alcal\u00e1"}]},{"@type":"WebSite","@id":"https:\/\/vitaldent.diga-33.com\/es\/clinica-dental\/#website","url":"https:\/\/vitaldent.diga-33.com\/es\/clinica-dental\/","name":"Clinicas Vitaldent","description":"","publisher":{"@id":"https:\/\/vitaldent.diga-33.com\/es\/clinica-dental\/#organization"},"potentialAction":[{"@type":"SearchAction","target":{"@type":"EntryPoint","urlTemplate":"https:\/\/vitaldent.diga-33.com\/es\/clinica-dental\/?s={search_term_string}"},"query-input":{"@type":"PropertyValueSpecification","valueRequired":true,"valueName":"search_term_string"}}],"inLanguage":"es"},{"@type":"Organization","@id":"https:\/\/vitaldent.diga-33.com\/es\/clinica-dental\/#organization","name":"Clinicas Vitaldent","url":"https:\/\/vitaldent.diga-33.com\/es\/clinica-dental\/","logo":{"@type":"ImageObject","inLanguage":"es","@id":"https:\/\/vitaldent.diga-33.com\/es\/clinica-dental\/#\/schema\/logo\/image\/","url":"https:\/\/vitaldent.diga-33.com\/es\/clinica-dental\/wp-content\/uploads\/2024\/03\/logo.svg","contentUrl":"https:\/\/vitaldent.diga-33.com\/es\/clinica-dental\/wp-content\/uploads\/2024\/03\/logo.svg","caption":"Clinicas Vitaldent"},"image":{"@id":"https:\/\/vitaldent.diga-33.com\/es\/clinica-dental\/#\/schema\/logo\/image\/"}}]}},"_links":{"self":[{"href":"https:\/\/vitaldent.diga-33.com\/es\/clinica-dental\/wp-json\/wp\/v2\/pages\/1971","targetHints":{"allow":["GET"]}}],"collection":[{"href":"https:\/\/vitaldent.diga-33.com\/es\/clinica-dental\/wp-json\/wp\/v2\/pages"}],"about":[{"href":"https:\/\/vitaldent.diga-33.com\/es\/clinica-dental\/wp-json\/wp\/v2\/types\/page"}],"author":[{"embeddable":true,"href":"https:\/\/vitaldent.diga-33.com\/es\/clinica-dental\/wp-json\/wp\/v2\/users\/2"}],"replies":[{"embeddable":true,"href":"https:\/\/vitaldent.diga-33.com\/es\/clinica-dental\/wp-json\/wp\/v2\/comments?post=1971"}],"version-history":[{"count":1,"href":"https:\/\/vitaldent.diga-33.com\/es\/clinica-dental\/wp-json\/wp\/v2\/pages\/1971\/revisions"}],"predecessor-version":[{"id":1973,"href":"https:\/\/vitaldent.diga-33.com\/es\/clinica-dental\/wp-json\/wp\/v2\/pages\/1971\/revisions\/1973"}],"up":[{"embeddable":true,"href":"https:\/\/vitaldent.diga-33.com\/es\/clinica-dental\/wp-json\/wp\/v2\/pages\/184"}],"wp:attachment":[{"href":"https:\/\/vitaldent.diga-33.com\/es\/clinica-dental\/wp-json\/wp\/v2\/media?parent=1971"}],"curies":[{"name":"wp","href":"https:\/\/api.w.org\/{rel}","templated":true}]}}