{"id":2080,"date":"2024-04-29T19:55:17","date_gmt":"2024-04-29T17:55:17","guid":{"rendered":"https:\/\/vitaldent.diga-33.com\/es\/clinica-dental\/?page_id=2080"},"modified":"2025-06-18T10:57:33","modified_gmt":"2025-06-18T08:57:33","slug":"clinica-dental-vitaldent-barbera-del-valles-29","status":"publish","type":"page","link":"https:\/\/vitaldent.diga-33.com\/es\/clinica-dental\/barcelona\/clinica-dental-vitaldent-barbera-del-valles-29","title":{"rendered":"Cl\u00ednica Dental Vitaldent Barber\u00e0 Del Vall\u00e8s"},"content":{"rendered":"","protected":false},"excerpt":{"rendered":"","protected":false},"author":2,"featured_media":0,"parent":545,"menu_order":0,"comment_status":"closed","ping_status":"closed","template":"","meta":{"footnotes":""},"class_list":["post-2080","page","type-page","status-publish","hentry"],"yoast_head":"<!-- This site is optimized with the Yoast SEO plugin v24.2 - https:\/\/yoast.com\/wordpress\/plugins\/seo\/ -->\n<title>Cl\u00ednica dental Vitaldent Barber\u00e0 Del Vall\u00e8s - Barber\u00e0 del Vall\u00e8s | Vitaldent<\/title>\n<meta name=\"description\" content=\"Cl\u00ednica dental Vitaldent en Carretera de Barcelona, 255, (frente complejo deportivo Can Llobet), Barber\u00e0 Del Vall\u00e8s \u226b Consulta el listado de tratamientos de tu cl\u00ednica m\u00e1s cercana \u00a1Pide cita con tu dentista!\" \/>\n<meta name=\"robots\" content=\"noindex, follow, max-snippet:-1, max-image-preview:large, max-video-preview:-1\" \/>\n<meta property=\"og:locale\" content=\"es_ES\" \/>\n<meta property=\"og:type\" content=\"article\" \/>\n<meta property=\"og:title\" content=\"Cl\u00ednica dental Vitaldent Barber\u00e0 Del Vall\u00e8s - Barber\u00e0 del Vall\u00e8s | Vitaldent\" \/>\n<meta property=\"og:description\" content=\"Cl\u00ednica dental Vitaldent en Carretera de Barcelona, 255, (frente complejo deportivo Can Llobet), Barber\u00e0 Del Vall\u00e8s \u226b Consulta el listado de tratamientos de tu cl\u00ednica m\u00e1s cercana \u00a1Pide cita con tu dentista!\" \/>\n<meta property=\"og:url\" content=\"https:\/\/vitaldent.diga-33.com\/es\/clinica-dental\/barcelona\/clinica-dental-vitaldent-barbera-del-valles-29\" \/>\n<meta property=\"og:site_name\" content=\"Clinicas Vitaldent\" \/>\n<meta property=\"article:modified_time\" content=\"2025-06-18T08:57:33+00:00\" \/>\n<meta name=\"twitter:card\" content=\"summary_large_image\" \/>\n<script type=\"application\/ld+json\" class=\"yoast-schema-graph\">{\"@context\":\"https:\/\/schema.org\",\"@graph\":[{\"@type\":\"WebPage\",\"@id\":\"https:\/\/vitaldent.diga-33.com\/es\/clinica-dental\/barcelona\/clinica-dental-vitaldent-barbera-del-valles-29\",\"url\":\"https:\/\/vitaldent.diga-33.com\/es\/clinica-dental\/barcelona\/clinica-dental-vitaldent-barbera-del-valles-29\",\"name\":\"Cl\u00ednica dental Vitaldent Barber\u00e0 Del Vall\u00e8s - Barber\u00e0 del Vall\u00e8s | Vitaldent\",\"isPartOf\":{\"@id\":\"https:\/\/vitaldent.diga-33.com\/es\/clinica-dental\/#website\"},\"datePublished\":\"2024-04-29T17:55:17+00:00\",\"dateModified\":\"2025-06-18T08:57:33+00:00\",\"description\":\"Cl\u00ednica dental Vitaldent en Carretera de Barcelona, 255, (frente complejo deportivo Can Llobet), Barber\u00e0 Del Vall\u00e8s \u226b Consulta el listado de tratamientos de tu cl\u00ednica m\u00e1s cercana \u00a1Pide cita con tu dentista!\",\"breadcrumb\":{\"@id\":\"https:\/\/vitaldent.diga-33.com\/es\/clinica-dental\/barcelona\/clinica-dental-vitaldent-barbera-del-valles-29#breadcrumb\"},\"inLanguage\":\"es\",\"potentialAction\":[{\"@type\":\"ReadAction\",\"target\":[\"https:\/\/vitaldent.diga-33.com\/es\/clinica-dental\/barcelona\/clinica-dental-vitaldent-barbera-del-valles-29\"]}]},{\"@type\":\"BreadcrumbList\",\"@id\":\"https:\/\/vitaldent.diga-33.com\/es\/clinica-dental\/barcelona\/clinica-dental-vitaldent-barbera-del-valles-29#breadcrumb\",\"itemListElement\":[{\"@type\":\"ListItem\",\"position\":1,\"name\":\"Inicio\",\"item\":\"https:\/\/vitaldent.diga-33.com\/es\/clinica-dental\/\"},{\"@type\":\"ListItem\",\"position\":2,\"name\":\"Barcelona\",\"item\":\"https:\/\/vitaldent.diga-33.com\/es\/clinica-dental\/barcelona\"},{\"@type\":\"ListItem\",\"position\":3,\"name\":\"Cl\u00ednica Dental Vitaldent Barber\u00e0 Del Vall\u00e8s\"}]},{\"@type\":\"WebSite\",\"@id\":\"https:\/\/vitaldent.diga-33.com\/es\/clinica-dental\/#website\",\"url\":\"https:\/\/vitaldent.diga-33.com\/es\/clinica-dental\/\",\"name\":\"Clinicas Vitaldent\",\"description\":\"\",\"publisher\":{\"@id\":\"https:\/\/vitaldent.diga-33.com\/es\/clinica-dental\/#organization\"},\"potentialAction\":[{\"@type\":\"SearchAction\",\"target\":{\"@type\":\"EntryPoint\",\"urlTemplate\":\"https:\/\/vitaldent.diga-33.com\/es\/clinica-dental\/?s={search_term_string}\"},\"query-input\":{\"@type\":\"PropertyValueSpecification\",\"valueRequired\":true,\"valueName\":\"search_term_string\"}}],\"inLanguage\":\"es\"},{\"@type\":\"Organization\",\"@id\":\"https:\/\/vitaldent.diga-33.com\/es\/clinica-dental\/#organization\",\"name\":\"Clinicas Vitaldent\",\"url\":\"https:\/\/vitaldent.diga-33.com\/es\/clinica-dental\/\",\"logo\":{\"@type\":\"ImageObject\",\"inLanguage\":\"es\",\"@id\":\"https:\/\/vitaldent.diga-33.com\/es\/clinica-dental\/#\/schema\/logo\/image\/\",\"url\":\"https:\/\/vitaldent.diga-33.com\/es\/clinica-dental\/wp-content\/uploads\/2024\/03\/logo.svg\",\"contentUrl\":\"https:\/\/vitaldent.diga-33.com\/es\/clinica-dental\/wp-content\/uploads\/2024\/03\/logo.svg\",\"caption\":\"Clinicas Vitaldent\"},\"image\":{\"@id\":\"https:\/\/vitaldent.diga-33.com\/es\/clinica-dental\/#\/schema\/logo\/image\/\"}}]}<\/script>\n<!-- \/ Yoast SEO plugin. -->","yoast_head_json":{"title":"Cl\u00ednica dental Vitaldent Barber\u00e0 Del Vall\u00e8s - Barber\u00e0 del Vall\u00e8s | Vitaldent","description":"Cl\u00ednica dental Vitaldent en Carretera de Barcelona, 255, (frente complejo deportivo Can Llobet), Barber\u00e0 Del Vall\u00e8s \u226b Consulta el listado de tratamientos de tu cl\u00ednica m\u00e1s cercana \u00a1Pide cita con tu dentista!","robots":{"index":"noindex","follow":"follow","max-snippet":"max-snippet:-1","max-image-preview":"max-image-preview:large","max-video-preview":"max-video-preview:-1"},"og_locale":"es_ES","og_type":"article","og_title":"Cl\u00ednica dental Vitaldent Barber\u00e0 Del Vall\u00e8s - Barber\u00e0 del Vall\u00e8s | Vitaldent","og_description":"Cl\u00ednica dental Vitaldent en Carretera de Barcelona, 255, (frente complejo deportivo Can Llobet), Barber\u00e0 Del Vall\u00e8s \u226b Consulta el listado de tratamientos de tu cl\u00ednica m\u00e1s cercana \u00a1Pide cita con tu dentista!","og_url":"https:\/\/vitaldent.diga-33.com\/es\/clinica-dental\/barcelona\/clinica-dental-vitaldent-barbera-del-valles-29","og_site_name":"Clinicas Vitaldent","article_modified_time":"2025-06-18T08:57:33+00:00","twitter_card":"summary_large_image","schema":{"@context":"https:\/\/schema.org","@graph":[{"@type":"WebPage","@id":"https:\/\/vitaldent.diga-33.com\/es\/clinica-dental\/barcelona\/clinica-dental-vitaldent-barbera-del-valles-29","url":"https:\/\/vitaldent.diga-33.com\/es\/clinica-dental\/barcelona\/clinica-dental-vitaldent-barbera-del-valles-29","name":"Cl\u00ednica dental Vitaldent Barber\u00e0 Del Vall\u00e8s - Barber\u00e0 del Vall\u00e8s | Vitaldent","isPartOf":{"@id":"https:\/\/vitaldent.diga-33.com\/es\/clinica-dental\/#website"},"datePublished":"2024-04-29T17:55:17+00:00","dateModified":"2025-06-18T08:57:33+00:00","description":"Cl\u00ednica dental Vitaldent en Carretera de Barcelona, 255, (frente complejo deportivo Can Llobet), Barber\u00e0 Del Vall\u00e8s \u226b Consulta el listado de tratamientos de tu cl\u00ednica m\u00e1s cercana \u00a1Pide cita con tu dentista!","breadcrumb":{"@id":"https:\/\/vitaldent.diga-33.com\/es\/clinica-dental\/barcelona\/clinica-dental-vitaldent-barbera-del-valles-29#breadcrumb"},"inLanguage":"es","potentialAction":[{"@type":"ReadAction","target":["https:\/\/vitaldent.diga-33.com\/es\/clinica-dental\/barcelona\/clinica-dental-vitaldent-barbera-del-valles-29"]}]},{"@type":"BreadcrumbList","@id":"https:\/\/vitaldent.diga-33.com\/es\/clinica-dental\/barcelona\/clinica-dental-vitaldent-barbera-del-valles-29#breadcrumb","itemListElement":[{"@type":"ListItem","position":1,"name":"Inicio","item":"https:\/\/vitaldent.diga-33.com\/es\/clinica-dental\/"},{"@type":"ListItem","position":2,"name":"Barcelona","item":"https:\/\/vitaldent.diga-33.com\/es\/clinica-dental\/barcelona"},{"@type":"ListItem","position":3,"name":"Cl\u00ednica Dental Vitaldent Barber\u00e0 Del Vall\u00e8s"}]},{"@type":"WebSite","@id":"https:\/\/vitaldent.diga-33.com\/es\/clinica-dental\/#website","url":"https:\/\/vitaldent.diga-33.com\/es\/clinica-dental\/","name":"Clinicas Vitaldent","description":"","publisher":{"@id":"https:\/\/vitaldent.diga-33.com\/es\/clinica-dental\/#organization"},"potentialAction":[{"@type":"SearchAction","target":{"@type":"EntryPoint","urlTemplate":"https:\/\/vitaldent.diga-33.com\/es\/clinica-dental\/?s={search_term_string}"},"query-input":{"@type":"PropertyValueSpecification","valueRequired":true,"valueName":"search_term_string"}}],"inLanguage":"es"},{"@type":"Organization","@id":"https:\/\/vitaldent.diga-33.com\/es\/clinica-dental\/#organization","name":"Clinicas Vitaldent","url":"https:\/\/vitaldent.diga-33.com\/es\/clinica-dental\/","logo":{"@type":"ImageObject","inLanguage":"es","@id":"https:\/\/vitaldent.diga-33.com\/es\/clinica-dental\/#\/schema\/logo\/image\/","url":"https:\/\/vitaldent.diga-33.com\/es\/clinica-dental\/wp-content\/uploads\/2024\/03\/logo.svg","contentUrl":"https:\/\/vitaldent.diga-33.com\/es\/clinica-dental\/wp-content\/uploads\/2024\/03\/logo.svg","caption":"Clinicas Vitaldent"},"image":{"@id":"https:\/\/vitaldent.diga-33.com\/es\/clinica-dental\/#\/schema\/logo\/image\/"}}]}},"_links":{"self":[{"href":"https:\/\/vitaldent.diga-33.com\/es\/clinica-dental\/wp-json\/wp\/v2\/pages\/2080","targetHints":{"allow":["GET"]}}],"collection":[{"href":"https:\/\/vitaldent.diga-33.com\/es\/clinica-dental\/wp-json\/wp\/v2\/pages"}],"about":[{"href":"https:\/\/vitaldent.diga-33.com\/es\/clinica-dental\/wp-json\/wp\/v2\/types\/page"}],"author":[{"embeddable":true,"href":"https:\/\/vitaldent.diga-33.com\/es\/clinica-dental\/wp-json\/wp\/v2\/users\/2"}],"replies":[{"embeddable":true,"href":"https:\/\/vitaldent.diga-33.com\/es\/clinica-dental\/wp-json\/wp\/v2\/comments?post=2080"}],"version-history":[{"count":1,"href":"https:\/\/vitaldent.diga-33.com\/es\/clinica-dental\/wp-json\/wp\/v2\/pages\/2080\/revisions"}],"predecessor-version":[{"id":2083,"href":"https:\/\/vitaldent.diga-33.com\/es\/clinica-dental\/wp-json\/wp\/v2\/pages\/2080\/revisions\/2083"}],"up":[{"embeddable":true,"href":"https:\/\/vitaldent.diga-33.com\/es\/clinica-dental\/wp-json\/wp\/v2\/pages\/545"}],"wp:attachment":[{"href":"https:\/\/vitaldent.diga-33.com\/es\/clinica-dental\/wp-json\/wp\/v2\/media?parent=2080"}],"curies":[{"name":"wp","href":"https:\/\/api.w.org\/{rel}","templated":true}]}}