{"id":13110,"date":"2025-04-04T09:27:53","date_gmt":"2025-04-04T07:27:53","guid":{"rendered":"https:\/\/vitaldent.diga-33.com\/?page_id=13110"},"modified":"2025-05-15T11:37:06","modified_gmt":"2025-05-15T09:37:06","slug":"colectivos","status":"publish","type":"page","link":"https:\/\/vitaldent.diga-33.com\/es\/colectivos\/","title":{"rendered":"Colectivos"},"content":{"rendered":"\t\t<div data-elementor-type=\"wp-page\" data-elementor-id=\"13110\" class=\"elementor elementor-13110\" data-elementor-post-type=\"page\">\n\t\t\t\t<div class=\"elementor-element elementor-element-239bb92 tooth-top-right tooth-blue smile-bottom-left smile-blue e-flex e-con-boxed e-con e-parent\" data-id=\"239bb92\" data-element_type=\"container\" data-settings=\"{&quot;background_background&quot;:&quot;classic&quot;}\">\n\t\t\t\t\t<div class=\"e-con-inner\">\n\t\t<div class=\"elementor-element elementor-element-fdc1cb6 e-flex e-con-boxed e-con e-child\" data-id=\"fdc1cb6\" data-element_type=\"container\">\n\t\t\t\t\t<div class=\"e-con-inner\">\n\t\t<div class=\"elementor-element elementor-element-7ab9894 e-con-full e-flex e-con e-child\" data-id=\"7ab9894\" data-element_type=\"container\">\n\t\t\t\t<div class=\"elementor-element elementor-element-a8dcd05 elementor-widget elementor-widget-heading\" data-id=\"a8dcd05\" data-element_type=\"widget\" data-widget_type=\"heading.default\">\n\t\t\t\t\t<h1 class=\"elementor-heading-title elementor-size-default\">Colectivos<\/h1>\t\t\t\t<\/div>\n\t\t\t\t<div class=\"elementor-element elementor-element-f4756c4 elementor-widget elementor-widget-heading\" data-id=\"f4756c4\" data-element_type=\"widget\" data-widget_type=\"heading.default\">\n\t\t\t\t\t<span class=\"elementor-heading-title elementor-size-default\">\u00daltima revisi\u00f3n: 17\/04\/2024<\/span>\t\t\t\t<\/div>\n\t\t\t\t<div class=\"elementor-element elementor-element-3b3cacc elementor-widget__width-initial read-title-more  elementor-widget elementor-widget-text-editor\" data-id=\"3b3cacc\" data-element_type=\"widget\" data-widget_type=\"text-editor.default\">\n\t\t\t\t\t\t\t\t\t<div id=\"situacion\"><div class=\"container\"><div id=\"pactivo\"><p class=\"txt-asociado\">Desde Vitaldent y con nuestro \u00edmpetu por llevar la salud bucodental a todos los \u00e1mbitos de la sociedad celebramos acuerdos de colaboraci\u00f3n con colectivos empresariales, deportivos, culturales y asociaciones de \u00e1mbito local, nacional y regional, que junto con nosotros quieran participar en la divulgaci\u00f3n de la importancia de una buena salud bucodental entre sus miembros y empleados.<\/p><\/div><\/div><\/div>\t\t\t\t\t\t\t\t<\/div>\n\t\t\t\t<div class=\"elementor-element elementor-element-ce345a0 read-more-btn elementor-hidden-desktop elementor-hidden-tablet elementor-widget elementor-widget-button\" data-id=\"ce345a0\" data-element_type=\"widget\" data-widget_type=\"button.default\">\n\t\t\t\t\t\t\t\t\t\t<a class=\"elementor-button elementor-size-sm\" role=\"button\">\n\t\t\t\t\t\t<span class=\"elementor-button-content-wrapper\">\n\t\t\t\t\t\t\t\t\t<span class=\"elementor-button-text\">Mostrar m\u00e1s<\/span>\n\t\t\t\t\t<\/span>\n\t\t\t\t\t<\/a>\n\t\t\t\t\t\t\t\t<\/div>\n\t\t\t\t<\/div>\n\t\t\t\t\t<\/div>\n\t\t\t\t<\/div>\n\t\t\t\t\t<\/div>\n\t\t\t\t<\/div>\n\t\t<div class=\"elementor-element elementor-element-e258e59 e-flex e-con-boxed e-con e-parent\" data-id=\"e258e59\" data-element_type=\"container\">\n\t\t\t\t\t<div class=\"e-con-inner\">\n\t\t<div class=\"elementor-element elementor-element-85cae70 e-con-full e-flex e-con e-child\" data-id=\"85cae70\" data-element_type=\"container\" data-settings=\"{&quot;background_background&quot;:&quot;classic&quot;}\">\n\t\t\t\t<div class=\"elementor-element elementor-element-c38dd94 elementor-widget elementor-widget-heading\" data-id=\"c38dd94\" data-element_type=\"widget\" data-widget_type=\"heading.default\">\n\t\t\t\t\t<span class=\"elementor-heading-title elementor-size-default\">\u00bfQuieres que te asesore un profesional?<\/span>\t\t\t\t<\/div>\n\t\t<div class=\"elementor-element elementor-element-396e42f e-con-full e-flex e-con e-child\" data-id=\"396e42f\" data-element_type=\"container\">\n\t\t\t\t<div class=\"elementor-element elementor-element-43d3eb7 btn btn-primary elementor-widget-mobile__width-inherit elementor-widget elementor-widget-button\" data-id=\"43d3eb7\" data-element_type=\"widget\" data-widget_type=\"button.default\">\n\t\t\t\t\t\t\t\t\t\t<a class=\"elementor-button elementor-button-link elementor-size-sm\" href=\"https:\/\/vitaldent.diga-33.com\/es\/clinica-dental\/\">\n\t\t\t\t\t\t<span class=\"elementor-button-content-wrapper\">\n\t\t\t\t\t\t\t\t\t<span class=\"elementor-button-text\">Pide cita gratis<\/span>\n\t\t\t\t\t<\/span>\n\t\t\t\t\t<\/a>\n\t\t\t\t\t\t\t\t<\/div>\n\t\t\t\t<div class=\"elementor-element elementor-element-e1984b3 btn btn-secondary cta-call elementor-widget-mobile__width-inherit elementor-widget elementor-widget-button\" data-id=\"e1984b3\" data-element_type=\"widget\" data-widget_type=\"button.default\">\n\t\t\t\t\t\t\t\t\t\t<a class=\"elementor-button elementor-button-link elementor-size-sm\" href=\"#elementor-action%3Aaction%3Dpopup%3Aopen%26settings%3DeyJpZCI6IjI2OSIsInRvZ2dsZSI6ZmFsc2V9\" target=\"_blank\">\n\t\t\t\t\t\t<span class=\"elementor-button-content-wrapper\">\n\t\t\t\t\t\t\t\t\t<span class=\"elementor-button-text\">Te llamamos<\/span>\n\t\t\t\t\t<\/span>\n\t\t\t\t\t<\/a>\n\t\t\t\t\t\t\t\t<\/div>\n\t\t\t\t<\/div>\n\t\t\t\t<\/div>\n\t\t\t\t\t<\/div>\n\t\t\t\t<\/div>\n\t\t<div class=\"elementor-element elementor-element-f11ed37 e-flex e-con-boxed e-con e-parent\" data-id=\"f11ed37\" data-element_type=\"container\">\n\t\t\t\t\t<div class=\"e-con-inner\">\n\t\t<div class=\"elementor-element elementor-element-d680751 e-con-full blue e-flex e-con e-child\" data-id=\"d680751\" data-element_type=\"container\">\n\t\t\t\t<div class=\"elementor-element elementor-element-1fc4687 elementor-widget elementor-widget-heading\" data-id=\"1fc4687\" data-element_type=\"widget\" data-widget_type=\"heading.default\">\n\t\t\t\t\t<h2 class=\"elementor-heading-title elementor-size-default\">Amplia y extensa red de cl\u00ednicas<\/h2>\t\t\t\t<\/div>\n\t\t\t\t<div class=\"elementor-element elementor-element-75376d7 elementor-widget elementor-widget-text-editor\" data-id=\"75376d7\" data-element_type=\"widget\" data-widget_type=\"text-editor.default\">\n\t\t\t\t\t\t\t\t\tPonemos a disposici\u00f3n de ellos, nuestra amplia y extensa red de cl\u00ednicas: centros con todo tipo de tratamientos odontol\u00f3gicos con profesionales m\u00e9dicos y certificados; disponemos de una tecnolog\u00eda moderna para tratamientos y diagn\u00f3sticos odontol\u00f3gicos por todo el territorio nacional.\n\nM\u00e1s de 8 millones de pacientes nos avalan y nos posicionan como la mejor opci\u00f3n en el \u00e1rea dental de Espa\u00f1a. Con una experiencia de m\u00e1s de 33 a\u00f1os en el mercado conocemos las necesidades b\u00e1sicas y avanzadas a\u00a0cubrir dentro de la odontolog\u00eda de nuestros pacientes estando siempre en la vanguardia del servicio.\n\nNuestras alianzas con los mejores proveedores de primeras marcas del mercado odontol\u00f3gico enriquecen nuestra propuesta de colaboraci\u00f3n.\n\nPide m\u00e1s informaci\u00f3n en\u00a0<a href=\"mailto:colectivos@vitaldent.com\">colectivos@vitaldent.com<\/a>\u00a0o en\u00a0<a title=\"Se abre en ventana nueva\" href=\"https:\/\/www.tuclinicavitaldent.com\/colectivos\" target=\"_blank\" rel=\"external noopener\" data-uw-rm-brl=\"PR\" data-uw-original-href=\"https:\/\/www.tuclinicavitaldent.com\/colectivos\" aria-label=\"tuclinicavitaldent.com\/colectivos - abrir en una nueva pesta\u00f1a\" data-uw-rm-ext-link=\"\">tuclinicavitaldent.com\/colectivos<\/a>\u00a0o llamando al\u00a0<span class=\"txtcolor\"><big>900 373 853<\/big><\/span>\t\t\t\t\t\t\t\t<\/div>\n\t\t\t\t<\/div>\n\t\t\t\t<div class=\"elementor-element elementor-element-b4380fb shadow-cross-right elementor-widget elementor-widget-image\" data-id=\"b4380fb\" data-element_type=\"widget\" data-widget_type=\"image.default\">\n\t\t\t\t\t\t\t\t\t\t\t\t\t\t\t<img fetchpriority=\"high\" decoding=\"async\" width=\"529\" height=\"383\" src=\"https:\/\/vitaldent.diga-33.com\/wp-content\/uploads\/2025\/04\/colectivos.webp\" class=\"attachment-large size-large wp-image-13112\" alt=\"\" srcset=\"https:\/\/vitaldent.diga-33.com\/wp-content\/uploads\/2025\/04\/colectivos.webp 529w, https:\/\/vitaldent.diga-33.com\/wp-content\/uploads\/2025\/04\/colectivos-300x217.webp 300w\" sizes=\"(max-width: 529px) 100vw, 529px\" \/>\t\t\t\t\t\t\t\t\t\t\t\t\t\t\t<\/div>\n\t\t\t\t\t<\/div>\n\t\t\t\t<\/div>\n\t\t\t\t<\/div>\n\t\t","protected":false},"excerpt":{"rendered":"<p>Colectivos \u00daltima revisi\u00f3n: 17\/04\/2024 Desde Vitaldent y con nuestro \u00edmpetu por llevar la salud bucodental a todos los \u00e1mbitos de la sociedad celebramos acuerdos de colaboraci\u00f3n con colectivos empresariales, deportivos, culturales y asociaciones de \u00e1mbito local, nacional y regional, que junto con nosotros quieran participar en la divulgaci\u00f3n de la importancia de una buena salud [&hellip;]<\/p>\n","protected":false},"author":1,"featured_media":13112,"parent":0,"menu_order":0,"comment_status":"closed","ping_status":"closed","template":"","meta":{"footnotes":""},"class_list":["post-13110","page","type-page","status-publish","has-post-thumbnail","hentry"],"yoast_head":"<!-- This site is optimized with the Yoast SEO plugin v25.0 - https:\/\/yoast.com\/wordpress\/plugins\/seo\/ -->\n<title>Pol\u00edtica de colectivos - Vitaldent<\/title>\n<meta name=\"description\" content=\"Consulta los acuerdos de colaboraci\u00f3n de Vitaldent con colectivos de diferentes entidades.\" \/>\n<meta name=\"robots\" content=\"noindex, follow, max-snippet:-1, max-image-preview:large, max-video-preview:-1\" \/>\n<meta property=\"og:locale\" content=\"es_ES\" \/>\n<meta property=\"og:type\" content=\"article\" \/>\n<meta property=\"og:title\" content=\"Pol\u00edtica de colectivos - Vitaldent\" \/>\n<meta property=\"og:description\" content=\"Consulta los acuerdos de colaboraci\u00f3n de Vitaldent con colectivos de diferentes entidades.\" \/>\n<meta property=\"og:url\" content=\"https:\/\/vitaldent.diga-33.com\/es\/colectivos\/\" \/>\n<meta property=\"og:site_name\" content=\"Vitaldent - Cl\u00ednicas Dentales | Tratamientos y Consejos\" \/>\n<meta property=\"article:publisher\" content=\"https:\/\/www.facebook.com\/vitaldentespana\/\" \/>\n<meta property=\"article:modified_time\" content=\"2025-05-15T09:37:06+00:00\" \/>\n<meta property=\"og:image\" content=\"https:\/\/vitaldent.diga-33.com\/wp-content\/uploads\/2025\/04\/colectivos.webp\" \/>\n\t<meta property=\"og:image:width\" content=\"529\" \/>\n\t<meta property=\"og:image:height\" content=\"383\" \/>\n\t<meta property=\"og:image:type\" content=\"image\/webp\" \/>\n<meta name=\"twitter:card\" content=\"summary_large_image\" \/>\n<meta name=\"twitter:label1\" content=\"Tiempo de lectura\" \/>\n\t<meta name=\"twitter:data1\" content=\"1 minuto\" \/>\n<script type=\"application\/ld+json\" class=\"yoast-schema-graph\">{\"@context\":\"https:\/\/schema.org\",\"@graph\":[{\"@type\":\"WebPage\",\"@id\":\"https:\/\/vitaldent.diga-33.com\/es\/colectivos\/\",\"url\":\"https:\/\/vitaldent.diga-33.com\/es\/colectivos\/\",\"name\":\"Pol\u00edtica de colectivos - Vitaldent\",\"isPartOf\":{\"@id\":\"https:\/\/vitaldent.diga-33.com\/es\/#website\"},\"primaryImageOfPage\":{\"@id\":\"https:\/\/vitaldent.diga-33.com\/es\/colectivos\/#primaryimage\"},\"image\":{\"@id\":\"https:\/\/vitaldent.diga-33.com\/es\/colectivos\/#primaryimage\"},\"thumbnailUrl\":\"https:\/\/vitaldent.diga-33.com\/wp-content\/uploads\/2025\/04\/colectivos.webp\",\"datePublished\":\"2025-04-04T07:27:53+00:00\",\"dateModified\":\"2025-05-15T09:37:06+00:00\",\"description\":\"Consulta los acuerdos de colaboraci\u00f3n de Vitaldent con colectivos de diferentes entidades.\",\"breadcrumb\":{\"@id\":\"https:\/\/vitaldent.diga-33.com\/es\/colectivos\/#breadcrumb\"},\"inLanguage\":\"es\",\"potentialAction\":[{\"@type\":\"ReadAction\",\"target\":[\"https:\/\/vitaldent.diga-33.com\/es\/colectivos\/\"]}]},{\"@type\":\"ImageObject\",\"inLanguage\":\"es\",\"@id\":\"https:\/\/vitaldent.diga-33.com\/es\/colectivos\/#primaryimage\",\"url\":\"https:\/\/vitaldent.diga-33.com\/wp-content\/uploads\/2025\/04\/colectivos.webp\",\"contentUrl\":\"https:\/\/vitaldent.diga-33.com\/wp-content\/uploads\/2025\/04\/colectivos.webp\",\"width\":529,\"height\":383},{\"@type\":\"BreadcrumbList\",\"@id\":\"https:\/\/vitaldent.diga-33.com\/es\/colectivos\/#breadcrumb\",\"itemListElement\":[{\"@type\":\"ListItem\",\"position\":1,\"name\":\"Inicio\",\"item\":\"https:\/\/vitaldent.diga-33.com\/es\/\"},{\"@type\":\"ListItem\",\"position\":2,\"name\":\"Colectivos\"}]},{\"@type\":\"WebSite\",\"@id\":\"https:\/\/vitaldent.diga-33.com\/es\/#website\",\"url\":\"https:\/\/vitaldent.diga-33.com\/es\/\",\"name\":\"Vitaldent - Cl\u00ednicas Dentales | Tratamientos y Consejos\",\"description\":\"Vitaldent somos una compa\u00f1\u00eda dental comprometida con nuestros pacientes, con m\u00e1s de 30 a\u00f1os de experiencia, que cuenta con la mayor red de cl\u00ednicas en Espa\u00f1a.\",\"publisher\":{\"@id\":\"https:\/\/vitaldent.diga-33.com\/es\/#organization\"},\"potentialAction\":[{\"@type\":\"SearchAction\",\"target\":{\"@type\":\"EntryPoint\",\"urlTemplate\":\"https:\/\/vitaldent.diga-33.com\/es\/?s={search_term_string}\"},\"query-input\":{\"@type\":\"PropertyValueSpecification\",\"valueRequired\":true,\"valueName\":\"search_term_string\"}}],\"inLanguage\":\"es\"},{\"@type\":\"Organization\",\"@id\":\"https:\/\/vitaldent.diga-33.com\/es\/#organization\",\"name\":\"Vitaldent\",\"url\":\"https:\/\/vitaldent.diga-33.com\/es\/\",\"logo\":{\"@type\":\"ImageObject\",\"inLanguage\":\"es\",\"@id\":\"https:\/\/vitaldent.diga-33.com\/es\/#\/schema\/logo\/image\/\",\"url\":\"https:\/\/vitaldent.diga-33.com\/wp-content\/uploads\/2024\/03\/logo.svg\",\"contentUrl\":\"https:\/\/vitaldent.diga-33.com\/wp-content\/uploads\/2024\/03\/logo.svg\",\"width\":391,\"height\":63,\"caption\":\"Vitaldent\"},\"image\":{\"@id\":\"https:\/\/vitaldent.diga-33.com\/es\/#\/schema\/logo\/image\/\"},\"sameAs\":[\"https:\/\/www.facebook.com\/vitaldentespana\/\",\"https:\/\/www.linkedin.com\/company\/grupovitaldent\/\",\"https:\/\/www.instagram.com\/vitaldent_es\/\",\"https:\/\/www.youtube.com\/user\/vitaldentespana\",\"https:\/\/twitter.com\/vitaldent_es?lang=es\"]}]}<\/script>\n<!-- \/ Yoast SEO plugin. -->","yoast_head_json":{"title":"Pol\u00edtica de colectivos - Vitaldent","description":"Consulta los acuerdos de colaboraci\u00f3n de Vitaldent con colectivos de diferentes entidades.","robots":{"index":"noindex","follow":"follow","max-snippet":"max-snippet:-1","max-image-preview":"max-image-preview:large","max-video-preview":"max-video-preview:-1"},"og_locale":"es_ES","og_type":"article","og_title":"Pol\u00edtica de colectivos - Vitaldent","og_description":"Consulta los acuerdos de colaboraci\u00f3n de Vitaldent con colectivos de diferentes entidades.","og_url":"https:\/\/vitaldent.diga-33.com\/es\/colectivos\/","og_site_name":"Vitaldent - Cl\u00ednicas Dentales | Tratamientos y Consejos","article_publisher":"https:\/\/www.facebook.com\/vitaldentespana\/","article_modified_time":"2025-05-15T09:37:06+00:00","og_image":[{"width":529,"height":383,"url":"https:\/\/vitaldent.diga-33.com\/wp-content\/uploads\/2025\/04\/colectivos.webp","type":"image\/webp"}],"twitter_card":"summary_large_image","twitter_misc":{"Tiempo de lectura":"1 minuto"},"schema":{"@context":"https:\/\/schema.org","@graph":[{"@type":"WebPage","@id":"https:\/\/vitaldent.diga-33.com\/es\/colectivos\/","url":"https:\/\/vitaldent.diga-33.com\/es\/colectivos\/","name":"Pol\u00edtica de colectivos - Vitaldent","isPartOf":{"@id":"https:\/\/vitaldent.diga-33.com\/es\/#website"},"primaryImageOfPage":{"@id":"https:\/\/vitaldent.diga-33.com\/es\/colectivos\/#primaryimage"},"image":{"@id":"https:\/\/vitaldent.diga-33.com\/es\/colectivos\/#primaryimage"},"thumbnailUrl":"https:\/\/vitaldent.diga-33.com\/wp-content\/uploads\/2025\/04\/colectivos.webp","datePublished":"2025-04-04T07:27:53+00:00","dateModified":"2025-05-15T09:37:06+00:00","description":"Consulta los acuerdos de colaboraci\u00f3n de Vitaldent con colectivos de diferentes entidades.","breadcrumb":{"@id":"https:\/\/vitaldent.diga-33.com\/es\/colectivos\/#breadcrumb"},"inLanguage":"es","potentialAction":[{"@type":"ReadAction","target":["https:\/\/vitaldent.diga-33.com\/es\/colectivos\/"]}]},{"@type":"ImageObject","inLanguage":"es","@id":"https:\/\/vitaldent.diga-33.com\/es\/colectivos\/#primaryimage","url":"https:\/\/vitaldent.diga-33.com\/wp-content\/uploads\/2025\/04\/colectivos.webp","contentUrl":"https:\/\/vitaldent.diga-33.com\/wp-content\/uploads\/2025\/04\/colectivos.webp","width":529,"height":383},{"@type":"BreadcrumbList","@id":"https:\/\/vitaldent.diga-33.com\/es\/colectivos\/#breadcrumb","itemListElement":[{"@type":"ListItem","position":1,"name":"Inicio","item":"https:\/\/vitaldent.diga-33.com\/es\/"},{"@type":"ListItem","position":2,"name":"Colectivos"}]},{"@type":"WebSite","@id":"https:\/\/vitaldent.diga-33.com\/es\/#website","url":"https:\/\/vitaldent.diga-33.com\/es\/","name":"Vitaldent - Cl\u00ednicas Dentales | Tratamientos y Consejos","description":"Vitaldent somos una compa\u00f1\u00eda dental comprometida con nuestros pacientes, con m\u00e1s de 30 a\u00f1os de experiencia, que cuenta con la mayor red de cl\u00ednicas en Espa\u00f1a.","publisher":{"@id":"https:\/\/vitaldent.diga-33.com\/es\/#organization"},"potentialAction":[{"@type":"SearchAction","target":{"@type":"EntryPoint","urlTemplate":"https:\/\/vitaldent.diga-33.com\/es\/?s={search_term_string}"},"query-input":{"@type":"PropertyValueSpecification","valueRequired":true,"valueName":"search_term_string"}}],"inLanguage":"es"},{"@type":"Organization","@id":"https:\/\/vitaldent.diga-33.com\/es\/#organization","name":"Vitaldent","url":"https:\/\/vitaldent.diga-33.com\/es\/","logo":{"@type":"ImageObject","inLanguage":"es","@id":"https:\/\/vitaldent.diga-33.com\/es\/#\/schema\/logo\/image\/","url":"https:\/\/vitaldent.diga-33.com\/wp-content\/uploads\/2024\/03\/logo.svg","contentUrl":"https:\/\/vitaldent.diga-33.com\/wp-content\/uploads\/2024\/03\/logo.svg","width":391,"height":63,"caption":"Vitaldent"},"image":{"@id":"https:\/\/vitaldent.diga-33.com\/es\/#\/schema\/logo\/image\/"},"sameAs":["https:\/\/www.facebook.com\/vitaldentespana\/","https:\/\/www.linkedin.com\/company\/grupovitaldent\/","https:\/\/www.instagram.com\/vitaldent_es\/","https:\/\/www.youtube.com\/user\/vitaldentespana","https:\/\/twitter.com\/vitaldent_es?lang=es"]}]}},"_links":{"self":[{"href":"https:\/\/vitaldent.diga-33.com\/es\/wp-json\/wp\/v2\/pages\/13110","targetHints":{"allow":["GET"]}}],"collection":[{"href":"https:\/\/vitaldent.diga-33.com\/es\/wp-json\/wp\/v2\/pages"}],"about":[{"href":"https:\/\/vitaldent.diga-33.com\/es\/wp-json\/wp\/v2\/types\/page"}],"author":[{"embeddable":true,"href":"https:\/\/vitaldent.diga-33.com\/es\/wp-json\/wp\/v2\/users\/1"}],"replies":[{"embeddable":true,"href":"https:\/\/vitaldent.diga-33.com\/es\/wp-json\/wp\/v2\/comments?post=13110"}],"version-history":[{"count":6,"href":"https:\/\/vitaldent.diga-33.com\/es\/wp-json\/wp\/v2\/pages\/13110\/revisions"}],"predecessor-version":[{"id":17541,"href":"https:\/\/vitaldent.diga-33.com\/es\/wp-json\/wp\/v2\/pages\/13110\/revisions\/17541"}],"wp:featuredmedia":[{"embeddable":true,"href":"https:\/\/vitaldent.diga-33.com\/es\/wp-json\/wp\/v2\/media\/13112"}],"wp:attachment":[{"href":"https:\/\/vitaldent.diga-33.com\/es\/wp-json\/wp\/v2\/media?parent=13110"}],"curies":[{"name":"wp","href":"https:\/\/api.w.org\/{rel}","templated":true}]}}