{"id":14424,"date":"2025-06-01T00:00:40","date_gmt":"2025-05-31T22:00:40","guid":{"rendered":"https:\/\/vitaldent.diga-33.com\/?page_id=14424"},"modified":"2026-02-12T11:13:52","modified_gmt":"2026-02-12T10:13:52","slug":"condiciones","status":"publish","type":"page","link":"https:\/\/vitaldent.diga-33.com\/es\/condiciones\/","title":{"rendered":"Condiciones"},"content":{"rendered":"\t\t<div data-elementor-type=\"wp-page\" data-elementor-id=\"14424\" class=\"elementor elementor-14424\" data-elementor-post-type=\"page\">\n\t\t\t\t<div class=\"elementor-element elementor-element-b9a1335 e-con-full tooth-top-right tooth-blue smile-bottom-left smile-blue e-flex e-con e-parent\" data-id=\"b9a1335\" data-element_type=\"container\" data-settings=\"{&quot;background_background&quot;:&quot;classic&quot;}\">\n\t\t\t\t<div class=\"elementor-element elementor-element-b2227d0 elementor-widget elementor-widget-heading\" data-id=\"b2227d0\" data-element_type=\"widget\" data-widget_type=\"heading.default\">\n\t\t\t\t\t<h1 class=\"elementor-heading-title elementor-size-default\">Condiciones\n<\/h1>\t\t\t\t<\/div>\n\t\t\t\t<div class=\"elementor-element elementor-element-db8555a elementor-widget elementor-widget-heading\" data-id=\"db8555a\" data-element_type=\"widget\" data-widget_type=\"heading.default\">\n\t\t\t\t\t<span class=\"elementor-heading-title elementor-size-default\">\u00daltima revisi\u00f3n: 01\/01\/2026<\/span>\t\t\t\t<\/div>\n\t\t\t\t<\/div>\n\t\t<div class=\"elementor-element elementor-element-54dbe0b e-con-full e-flex e-con e-parent\" data-id=\"54dbe0b\" data-element_type=\"container\">\n\t\t\t\t<div class=\"elementor-element elementor-element-9e4f2f7 elementor-widget elementor-widget-text-editor\" data-id=\"9e4f2f7\" data-element_type=\"widget\" data-widget_type=\"text-editor.default\">\n\t\t\t\t\t\t\t\t\t<p>*<strong>600\u20ac de descuento en ortodoncia + blanqueamiento:<\/strong><\/p><p>*Promoci\u00f3n v\u00e1lida del 01\/03\/2026 hasta el 31\/05\/2026 ambos inclusive. <strong>Aplicable sobre l\u00edneas de tratamiento cuyo importe unitario supere los 250\u20ac en presupuestos aceptados. <\/strong>No acumulable a otros descuentos y promociones. Consulte las tarifas de su tratamiento en su cl\u00ednica Vitaldent. Tratamientos sujetos a prescripci\u00f3n facultativa. Registro Sanitario CS10715.<\/p><p><strong>(1) 200\u20ac de descuento en implante + corona:<\/strong><\/p><p>Promoci\u00f3n v\u00e1lida del 01\/03\/2026 hasta el 31\/05\/2026 ambos inclusive. <strong>Aplicable sobre l\u00edneas de tratamiento cuyo importe unitario supere los 250\u20ac en presupuestos aceptados. <\/strong>No acumulable a otros descuentos y promociones. Consulte las tarifas de su tratamiento en su cl\u00ednica Vitaldent. Tratamientos sujetos a prescripci\u00f3n facultativa. Registro Sanitario CS10715.<\/p><p><strong>(2) Financiaci\u00f3n 12 meses sin intereses:<\/strong><\/p><p><strong>Ejemplo de financiaci\u00f3n para un importe de 2.000 \u20ac en 12 meses. 11 cuotas de 166,67 \u20ac y una \u00faltima cuota de 166,63 \u20ac. TIN 0% <u>TAE 0%.<\/u> Coste total del cr\u00e9dito: 0 \u20ac. Importe total adeudado: 2.000 \u20ac. <\/strong>Intereses subvencionados por VITALDENT. Financiando con Banco Cetelem S.A.U. hasta el 31\/12\/2026.<\/p><p><strong>(3)<\/strong> <strong>500\u20ac de descuento en ortodoncia:<\/strong><\/p><p>Promoci\u00f3n v\u00e1lida del 01\/03\/2026 hasta el 31\/05\/2026 ambos inclusive. Aplicable sobre el importe total del presupuesto aceptado. No acumulable a otros descuentos y promociones. Consulte los tratamientos sujetos a promoci\u00f3n y tarifas en su cl\u00ednica Vitaldent. Tratamientos sujetos a prescripci\u00f3n facultativa. Registro Sanitario CS10715.<\/p>\t\t\t\t\t\t\t\t<\/div>\n\t\t\t\t<\/div>\n\t\t\t\t<\/div>\n\t\t","protected":false},"excerpt":{"rendered":"<p>Condiciones \u00daltima revisi\u00f3n: 01\/01\/2026 *600\u20ac de descuento en ortodoncia + blanqueamiento: *Promoci\u00f3n v\u00e1lida del 01\/03\/2026 hasta el 31\/05\/2026 ambos inclusive. Aplicable sobre l\u00edneas de tratamiento cuyo importe unitario supere los 250\u20ac en presupuestos aceptados. No acumulable a otros descuentos y promociones. Consulte las tarifas de su tratamiento en su cl\u00ednica Vitaldent. Tratamientos sujetos a prescripci\u00f3n [&hellip;]<\/p>\n","protected":false},"author":8,"featured_media":0,"parent":0,"menu_order":0,"comment_status":"closed","ping_status":"closed","template":"","meta":{"footnotes":""},"class_list":["post-14424","page","type-page","status-publish","hentry"],"yoast_head":"<!-- This site is optimized with the Yoast SEO plugin v25.0 - https:\/\/yoast.com\/wordpress\/plugins\/seo\/ -->\n<title>Condiciones - Vitaldent<\/title>\n<meta name=\"description\" content=\"Cl\u00ednicas Dentales Vitaldent: los mejores tratamientos dentales los encontrar\u00e1s en nuestras cl\u00ednicas\" \/>\n<meta name=\"robots\" content=\"noindex, follow, max-snippet:-1, max-image-preview:large, max-video-preview:-1\" \/>\n<meta property=\"og:locale\" content=\"es_ES\" \/>\n<meta property=\"og:type\" content=\"article\" \/>\n<meta property=\"og:title\" content=\"Condiciones - Vitaldent\" \/>\n<meta property=\"og:description\" content=\"Cl\u00ednicas Dentales Vitaldent: los mejores tratamientos dentales los encontrar\u00e1s en nuestras cl\u00ednicas\" \/>\n<meta property=\"og:url\" content=\"https:\/\/vitaldent.diga-33.com\/es\/condiciones\/\" \/>\n<meta property=\"og:site_name\" content=\"Vitaldent - Cl\u00ednicas Dentales | Tratamientos y Consejos\" \/>\n<meta property=\"article:publisher\" content=\"https:\/\/www.facebook.com\/vitaldentespana\/\" \/>\n<meta property=\"article:modified_time\" content=\"2026-02-12T10:13:52+00:00\" \/>\n<meta name=\"twitter:card\" content=\"summary_large_image\" \/>\n<meta name=\"twitter:label1\" content=\"Tiempo de lectura\" \/>\n\t<meta name=\"twitter:data1\" content=\"2 minutos\" \/>\n<script type=\"application\/ld+json\" class=\"yoast-schema-graph\">{\"@context\":\"https:\/\/schema.org\",\"@graph\":[{\"@type\":\"WebPage\",\"@id\":\"https:\/\/vitaldent.diga-33.com\/es\/condiciones\/\",\"url\":\"https:\/\/vitaldent.diga-33.com\/es\/condiciones\/\",\"name\":\"Condiciones - Vitaldent\",\"isPartOf\":{\"@id\":\"https:\/\/vitaldent.diga-33.com\/es\/#website\"},\"datePublished\":\"2025-05-31T22:00:40+00:00\",\"dateModified\":\"2026-02-12T10:13:52+00:00\",\"description\":\"Cl\u00ednicas Dentales Vitaldent: los mejores tratamientos dentales los encontrar\u00e1s en nuestras cl\u00ednicas\",\"breadcrumb\":{\"@id\":\"https:\/\/vitaldent.diga-33.com\/es\/condiciones\/#breadcrumb\"},\"inLanguage\":\"es\",\"potentialAction\":[{\"@type\":\"ReadAction\",\"target\":[\"https:\/\/vitaldent.diga-33.com\/es\/condiciones\/\"]}]},{\"@type\":\"BreadcrumbList\",\"@id\":\"https:\/\/vitaldent.diga-33.com\/es\/condiciones\/#breadcrumb\",\"itemListElement\":[{\"@type\":\"ListItem\",\"position\":1,\"name\":\"Inicio\",\"item\":\"https:\/\/vitaldent.diga-33.com\/es\/\"},{\"@type\":\"ListItem\",\"position\":2,\"name\":\"Condiciones\"}]},{\"@type\":\"WebSite\",\"@id\":\"https:\/\/vitaldent.diga-33.com\/es\/#website\",\"url\":\"https:\/\/vitaldent.diga-33.com\/es\/\",\"name\":\"Vitaldent - Cl\u00ednicas Dentales | Tratamientos y Consejos\",\"description\":\"Vitaldent somos una compa\u00f1\u00eda dental comprometida con nuestros pacientes, con m\u00e1s de 30 a\u00f1os de experiencia, que cuenta con la mayor red de cl\u00ednicas en Espa\u00f1a.\",\"publisher\":{\"@id\":\"https:\/\/vitaldent.diga-33.com\/es\/#organization\"},\"potentialAction\":[{\"@type\":\"SearchAction\",\"target\":{\"@type\":\"EntryPoint\",\"urlTemplate\":\"https:\/\/vitaldent.diga-33.com\/es\/?s={search_term_string}\"},\"query-input\":{\"@type\":\"PropertyValueSpecification\",\"valueRequired\":true,\"valueName\":\"search_term_string\"}}],\"inLanguage\":\"es\"},{\"@type\":\"Organization\",\"@id\":\"https:\/\/vitaldent.diga-33.com\/es\/#organization\",\"name\":\"Vitaldent\",\"url\":\"https:\/\/vitaldent.diga-33.com\/es\/\",\"logo\":{\"@type\":\"ImageObject\",\"inLanguage\":\"es\",\"@id\":\"https:\/\/vitaldent.diga-33.com\/es\/#\/schema\/logo\/image\/\",\"url\":\"https:\/\/vitaldent.diga-33.com\/wp-content\/uploads\/2024\/03\/logo.svg\",\"contentUrl\":\"https:\/\/vitaldent.diga-33.com\/wp-content\/uploads\/2024\/03\/logo.svg\",\"width\":391,\"height\":63,\"caption\":\"Vitaldent\"},\"image\":{\"@id\":\"https:\/\/vitaldent.diga-33.com\/es\/#\/schema\/logo\/image\/\"},\"sameAs\":[\"https:\/\/www.facebook.com\/vitaldentespana\/\",\"https:\/\/www.linkedin.com\/company\/grupovitaldent\/\",\"https:\/\/www.instagram.com\/vitaldent_es\/\",\"https:\/\/www.youtube.com\/user\/vitaldentespana\",\"https:\/\/twitter.com\/vitaldent_es?lang=es\"]}]}<\/script>\n<!-- \/ Yoast SEO plugin. -->","yoast_head_json":{"title":"Condiciones - Vitaldent","description":"Cl\u00ednicas Dentales Vitaldent: los mejores tratamientos dentales los encontrar\u00e1s en nuestras cl\u00ednicas","robots":{"index":"noindex","follow":"follow","max-snippet":"max-snippet:-1","max-image-preview":"max-image-preview:large","max-video-preview":"max-video-preview:-1"},"og_locale":"es_ES","og_type":"article","og_title":"Condiciones - Vitaldent","og_description":"Cl\u00ednicas Dentales Vitaldent: los mejores tratamientos dentales los encontrar\u00e1s en nuestras cl\u00ednicas","og_url":"https:\/\/vitaldent.diga-33.com\/es\/condiciones\/","og_site_name":"Vitaldent - Cl\u00ednicas Dentales | Tratamientos y Consejos","article_publisher":"https:\/\/www.facebook.com\/vitaldentespana\/","article_modified_time":"2026-02-12T10:13:52+00:00","twitter_card":"summary_large_image","twitter_misc":{"Tiempo de lectura":"2 minutos"},"schema":{"@context":"https:\/\/schema.org","@graph":[{"@type":"WebPage","@id":"https:\/\/vitaldent.diga-33.com\/es\/condiciones\/","url":"https:\/\/vitaldent.diga-33.com\/es\/condiciones\/","name":"Condiciones - Vitaldent","isPartOf":{"@id":"https:\/\/vitaldent.diga-33.com\/es\/#website"},"datePublished":"2025-05-31T22:00:40+00:00","dateModified":"2026-02-12T10:13:52+00:00","description":"Cl\u00ednicas Dentales Vitaldent: los mejores tratamientos dentales los encontrar\u00e1s en nuestras cl\u00ednicas","breadcrumb":{"@id":"https:\/\/vitaldent.diga-33.com\/es\/condiciones\/#breadcrumb"},"inLanguage":"es","potentialAction":[{"@type":"ReadAction","target":["https:\/\/vitaldent.diga-33.com\/es\/condiciones\/"]}]},{"@type":"BreadcrumbList","@id":"https:\/\/vitaldent.diga-33.com\/es\/condiciones\/#breadcrumb","itemListElement":[{"@type":"ListItem","position":1,"name":"Inicio","item":"https:\/\/vitaldent.diga-33.com\/es\/"},{"@type":"ListItem","position":2,"name":"Condiciones"}]},{"@type":"WebSite","@id":"https:\/\/vitaldent.diga-33.com\/es\/#website","url":"https:\/\/vitaldent.diga-33.com\/es\/","name":"Vitaldent - Cl\u00ednicas Dentales | Tratamientos y Consejos","description":"Vitaldent somos una compa\u00f1\u00eda dental comprometida con nuestros pacientes, con m\u00e1s de 30 a\u00f1os de experiencia, que cuenta con la mayor red de cl\u00ednicas en Espa\u00f1a.","publisher":{"@id":"https:\/\/vitaldent.diga-33.com\/es\/#organization"},"potentialAction":[{"@type":"SearchAction","target":{"@type":"EntryPoint","urlTemplate":"https:\/\/vitaldent.diga-33.com\/es\/?s={search_term_string}"},"query-input":{"@type":"PropertyValueSpecification","valueRequired":true,"valueName":"search_term_string"}}],"inLanguage":"es"},{"@type":"Organization","@id":"https:\/\/vitaldent.diga-33.com\/es\/#organization","name":"Vitaldent","url":"https:\/\/vitaldent.diga-33.com\/es\/","logo":{"@type":"ImageObject","inLanguage":"es","@id":"https:\/\/vitaldent.diga-33.com\/es\/#\/schema\/logo\/image\/","url":"https:\/\/vitaldent.diga-33.com\/wp-content\/uploads\/2024\/03\/logo.svg","contentUrl":"https:\/\/vitaldent.diga-33.com\/wp-content\/uploads\/2024\/03\/logo.svg","width":391,"height":63,"caption":"Vitaldent"},"image":{"@id":"https:\/\/vitaldent.diga-33.com\/es\/#\/schema\/logo\/image\/"},"sameAs":["https:\/\/www.facebook.com\/vitaldentespana\/","https:\/\/www.linkedin.com\/company\/grupovitaldent\/","https:\/\/www.instagram.com\/vitaldent_es\/","https:\/\/www.youtube.com\/user\/vitaldentespana","https:\/\/twitter.com\/vitaldent_es?lang=es"]}]}},"_links":{"self":[{"href":"https:\/\/vitaldent.diga-33.com\/es\/wp-json\/wp\/v2\/pages\/14424","targetHints":{"allow":["GET"]}}],"collection":[{"href":"https:\/\/vitaldent.diga-33.com\/es\/wp-json\/wp\/v2\/pages"}],"about":[{"href":"https:\/\/vitaldent.diga-33.com\/es\/wp-json\/wp\/v2\/types\/page"}],"author":[{"embeddable":true,"href":"https:\/\/vitaldent.diga-33.com\/es\/wp-json\/wp\/v2\/users\/8"}],"replies":[{"embeddable":true,"href":"https:\/\/vitaldent.diga-33.com\/es\/wp-json\/wp\/v2\/comments?post=14424"}],"version-history":[{"count":46,"href":"https:\/\/vitaldent.diga-33.com\/es\/wp-json\/wp\/v2\/pages\/14424\/revisions"}],"predecessor-version":[{"id":20598,"href":"https:\/\/vitaldent.diga-33.com\/es\/wp-json\/wp\/v2\/pages\/14424\/revisions\/20598"}],"wp:attachment":[{"href":"https:\/\/vitaldent.diga-33.com\/es\/wp-json\/wp\/v2\/media?parent=14424"}],"curies":[{"name":"wp","href":"https:\/\/api.w.org\/{rel}","templated":true}]}}