{"id":14460,"date":"2025-04-07T14:46:47","date_gmt":"2025-04-07T12:46:47","guid":{"rendered":"https:\/\/vitaldent.diga-33.com\/?page_id=14460"},"modified":"2025-04-07T14:51:25","modified_gmt":"2025-04-07T12:51:25","slug":"ia-para-apoyar-nuestra-praxis-medica","status":"publish","type":"page","link":"https:\/\/vitaldent.diga-33.com\/es\/ia-para-apoyar-nuestra-praxis-medica\/","title":{"rendered":"IA para apoyar nuestra praxis m\u00e9dica"},"content":{"rendered":"\t\t<div data-elementor-type=\"wp-page\" data-elementor-id=\"14460\" class=\"elementor elementor-14460\" data-elementor-post-type=\"page\">\n\t\t\t\t<div class=\"elementor-element elementor-element-b13599c tooth-top-right tooth-blue smile-bottom-left smile-blue e-flex e-con-boxed e-con e-parent\" data-id=\"b13599c\" data-element_type=\"container\" data-settings=\"{&quot;background_background&quot;:&quot;classic&quot;}\">\n\t\t\t\t\t<div class=\"e-con-inner\">\n\t\t<div class=\"elementor-element elementor-element-33833ba e-flex e-con-boxed e-con e-child\" data-id=\"33833ba\" data-element_type=\"container\">\n\t\t\t\t\t<div class=\"e-con-inner\">\n\t\t<div class=\"elementor-element elementor-element-520541a e-con-full e-flex e-con e-child\" data-id=\"520541a\" data-element_type=\"container\">\n\t\t\t\t<div class=\"elementor-element elementor-element-137bf4e elementor-widget elementor-widget-heading\" data-id=\"137bf4e\" data-element_type=\"widget\" data-widget_type=\"heading.default\">\n\t\t\t\t\t<h1 class=\"elementor-heading-title elementor-size-default\">IA para apoyar nuestra praxis m\u00e9dica<\/h1>\t\t\t\t<\/div>\n\t\t\t\t<div class=\"elementor-element elementor-element-4266880 elementor-widget elementor-widget-heading\" data-id=\"4266880\" data-element_type=\"widget\" data-widget_type=\"heading.default\">\n\t\t\t\t\t<span class=\"elementor-heading-title elementor-size-default\">\u00daltima revisi\u00f3n: 20\/02\/2024<\/span>\t\t\t\t<\/div>\n\t\t\t\t<div class=\"elementor-element elementor-element-b11579c elementor-widget__width-initial elementor-widget elementor-widget-text-editor\" data-id=\"b11579c\" data-element_type=\"widget\" data-widget_type=\"text-editor.default\">\n\t\t\t\t\t\t\t\t\t<div id=\"situacion\"><div class=\"container\"><div id=\"pactivo\"><div id=\"situacion\" class=\"sin-cab\"><div class=\"container\"><div id=\"pactivo\"><p class=\"txt-asociado\">\u00bfC\u00f3mo usamos la IA para apoyar nuestra praxis m\u00e9dica?<\/p><\/div><\/div><\/div><\/div><\/div><\/div>\t\t\t\t\t\t\t\t<\/div>\n\t\t\t\t<\/div>\n\t\t\t\t\t<\/div>\n\t\t\t\t<\/div>\n\t\t\t\t\t<\/div>\n\t\t\t\t<\/div>\n\t\t<div class=\"elementor-element elementor-element-414c202 e-flex e-con-boxed e-con e-parent\" data-id=\"414c202\" data-element_type=\"container\">\n\t\t\t\t\t<div class=\"e-con-inner\">\n\t\t<div class=\"elementor-element elementor-element-b94d61c e-con-full e-flex e-con e-child\" data-id=\"b94d61c\" data-element_type=\"container\">\n\t\t\t\t<div class=\"elementor-element elementor-element-dcc0644 elementor-widget elementor-widget-heading\" data-id=\"dcc0644\" data-element_type=\"widget\" data-widget_type=\"heading.default\">\n\t\t\t\t\t<h2 class=\"elementor-heading-title elementor-size-default\">Allisone<\/h2>\t\t\t\t<\/div>\n\t\t\t\t<div class=\"elementor-element elementor-element-b6eba1a elementor-widget elementor-widget-text-editor\" data-id=\"b6eba1a\" data-element_type=\"widget\" data-widget_type=\"text-editor.default\">\n\t\t\t\t\t\t\t\t\t<p>Herramienta de IA para\u00a0<strong>radiograf\u00edas panor\u00e1micas,<\/strong>\u00a0<strong>radiograf\u00edas intraorales\u00a0<\/strong>y\u00a0<strong>TAC<\/strong>. Esta herramienta identifica de forma autom\u00e1tica una serie de elementos en la radiograf\u00eda y el odont\u00f3logo tiene que confirmar o rechazar los elementos detectados como posibles patolog\u00edas y elaborar un plan de tratamiento. Tambi\u00e9n identifica tratamientos realizados y estructuras anat\u00f3micas. Este software est\u00e1 implementado 64 cl\u00ednicas de Vitaldent y la mayor\u00eda de las cl\u00ednicas empezaron en enero de 2024.<\/p><p>Allisone nos permite mejorar la comunicaci\u00f3n con el paciente, siendo m\u00e1s f\u00e1cil explicar el plan de tratamiento una vez que es m\u00e1s visual y dispone de material educativo para el paciente.<\/p>\t\t\t\t\t\t\t\t<\/div>\n\t\t\t\t<\/div>\n\t\t<div class=\"elementor-element elementor-element-4ba846f e-con-full e-flex e-con e-child\" data-id=\"4ba846f\" data-element_type=\"container\">\n\t\t\t\t<div class=\"elementor-element elementor-element-8ff3174 elementor-widget elementor-widget-heading\" data-id=\"8ff3174\" data-element_type=\"widget\" data-widget_type=\"heading.default\">\n\t\t\t\t\t<h2 class=\"elementor-heading-title elementor-size-default\">Dental Monitoring<\/h2>\t\t\t\t<\/div>\n\t\t\t\t<div class=\"elementor-element elementor-element-2db7d9d elementor-widget elementor-widget-text-editor\" data-id=\"2db7d9d\" data-element_type=\"widget\" data-widget_type=\"text-editor.default\">\n\t\t\t\t\t\t\t\t\t<p>Herramienta de IA que permite hacer un\u00a0<strong>seguimiento de los pacientes de ortodoncia en remoto<\/strong>. El paciente hace fotos de su boca de forma semanal o quincenal y la IA las analiza e identifica si hay alg\u00fan problema con el tratamiento o si puede seguir sin la necesidad de acudir a la cl\u00ednica de forma mensual permitiendo un seguimiento m\u00e1s eficiente del paciente.<\/p>\t\t\t\t\t\t\t\t<\/div>\n\t\t\t\t<\/div>\n\t\t<div class=\"elementor-element elementor-element-dacd53a e-con-full e-flex e-con e-child\" data-id=\"dacd53a\" data-element_type=\"container\">\n\t\t\t\t<div class=\"elementor-element elementor-element-e7afd43 elementor-widget elementor-widget-heading\" data-id=\"e7afd43\" data-element_type=\"widget\" data-widget_type=\"heading.default\">\n\t\t\t\t\t<h2 class=\"elementor-heading-title elementor-size-default\">Smile Cloud<\/h2>\t\t\t\t<\/div>\n\t\t\t\t<div class=\"elementor-element elementor-element-576d92d elementor-widget elementor-widget-text-editor\" data-id=\"576d92d\" data-element_type=\"widget\" data-widget_type=\"text-editor.default\">\n\t\t\t\t\t\t\t\t\t<p>Software que a trav\u00e9s de algoritmos selecciona la forma de diente m\u00e1s adecuada para cada paciente siendo\u00a0<strong>posible realizar un dise\u00f1o de sonrisa en pocos minutos<\/strong>.<\/p>\t\t\t\t\t\t\t\t<\/div>\n\t\t\t\t<\/div>\n\t\t\t\t\t<\/div>\n\t\t\t\t<\/div>\n\t\t\t\t<\/div>\n\t\t","protected":false},"excerpt":{"rendered":"<p>IA para apoyar nuestra praxis m\u00e9dica \u00daltima revisi\u00f3n: 20\/02\/2024 \u00bfC\u00f3mo usamos la IA para apoyar nuestra praxis m\u00e9dica? Allisone Herramienta de IA para\u00a0radiograf\u00edas panor\u00e1micas,\u00a0radiograf\u00edas intraorales\u00a0y\u00a0TAC. Esta herramienta identifica de forma autom\u00e1tica una serie de elementos en la radiograf\u00eda y el odont\u00f3logo tiene que confirmar o rechazar los elementos detectados como posibles patolog\u00edas y elaborar un [&hellip;]<\/p>\n","protected":false},"author":1,"featured_media":0,"parent":0,"menu_order":0,"comment_status":"closed","ping_status":"closed","template":"","meta":{"footnotes":""},"class_list":["post-14460","page","type-page","status-publish","hentry"],"yoast_head":"<!-- This site is optimized with the Yoast SEO plugin v25.0 - https:\/\/yoast.com\/wordpress\/plugins\/seo\/ -->\n<title>IA para apoyar nuestra praxis m\u00e9dica - Vitaldent<\/title>\n<meta name=\"description\" content=\"Cl\u00ednicas Dentales Vitaldent: los mejores tratamientos dentales los encontrar\u00e1s en nuestras cl\u00ednicas\" \/>\n<meta name=\"robots\" content=\"noindex, nofollow\" \/>\n<meta property=\"og:locale\" content=\"es_ES\" \/>\n<meta property=\"og:type\" content=\"article\" \/>\n<meta property=\"og:title\" content=\"IA para apoyar nuestra praxis m\u00e9dica - Vitaldent\" \/>\n<meta property=\"og:description\" content=\"Cl\u00ednicas Dentales Vitaldent: los mejores tratamientos dentales los encontrar\u00e1s en nuestras cl\u00ednicas\" \/>\n<meta property=\"og:url\" content=\"https:\/\/vitaldent.diga-33.com\/es\/ia-para-apoyar-nuestra-praxis-medica\/\" \/>\n<meta property=\"og:site_name\" content=\"Vitaldent - Cl\u00ednicas Dentales | Tratamientos y Consejos\" \/>\n<meta property=\"article:publisher\" content=\"https:\/\/www.facebook.com\/vitaldentespana\/\" \/>\n<meta property=\"article:modified_time\" content=\"2025-04-07T12:51:25+00:00\" \/>\n<meta name=\"twitter:card\" content=\"summary_large_image\" \/>\n<script type=\"application\/ld+json\" class=\"yoast-schema-graph\">{\"@context\":\"https:\/\/schema.org\",\"@graph\":[{\"@type\":\"WebPage\",\"@id\":\"https:\/\/vitaldent.diga-33.com\/es\/ia-para-apoyar-nuestra-praxis-medica\/\",\"url\":\"https:\/\/vitaldent.diga-33.com\/es\/ia-para-apoyar-nuestra-praxis-medica\/\",\"name\":\"IA para apoyar nuestra praxis m\u00e9dica - Vitaldent\",\"isPartOf\":{\"@id\":\"https:\/\/vitaldent.diga-33.com\/es\/#website\"},\"datePublished\":\"2025-04-07T12:46:47+00:00\",\"dateModified\":\"2025-04-07T12:51:25+00:00\",\"description\":\"Cl\u00ednicas Dentales Vitaldent: los mejores tratamientos dentales los encontrar\u00e1s en nuestras cl\u00ednicas\",\"breadcrumb\":{\"@id\":\"https:\/\/vitaldent.diga-33.com\/es\/ia-para-apoyar-nuestra-praxis-medica\/#breadcrumb\"},\"inLanguage\":\"es\",\"potentialAction\":[{\"@type\":\"ReadAction\",\"target\":[\"https:\/\/vitaldent.diga-33.com\/es\/ia-para-apoyar-nuestra-praxis-medica\/\"]}]},{\"@type\":\"BreadcrumbList\",\"@id\":\"https:\/\/vitaldent.diga-33.com\/es\/ia-para-apoyar-nuestra-praxis-medica\/#breadcrumb\",\"itemListElement\":[{\"@type\":\"ListItem\",\"position\":1,\"name\":\"Inicio\",\"item\":\"https:\/\/vitaldent.diga-33.com\/es\/\"},{\"@type\":\"ListItem\",\"position\":2,\"name\":\"IA para apoyar nuestra praxis m\u00e9dica\"}]},{\"@type\":\"WebSite\",\"@id\":\"https:\/\/vitaldent.diga-33.com\/es\/#website\",\"url\":\"https:\/\/vitaldent.diga-33.com\/es\/\",\"name\":\"Vitaldent - Cl\u00ednicas Dentales | Tratamientos y Consejos\",\"description\":\"Vitaldent somos una compa\u00f1\u00eda dental comprometida con nuestros pacientes, con m\u00e1s de 30 a\u00f1os de experiencia, que cuenta con la mayor red de cl\u00ednicas en Espa\u00f1a.\",\"publisher\":{\"@id\":\"https:\/\/vitaldent.diga-33.com\/es\/#organization\"},\"potentialAction\":[{\"@type\":\"SearchAction\",\"target\":{\"@type\":\"EntryPoint\",\"urlTemplate\":\"https:\/\/vitaldent.diga-33.com\/es\/?s={search_term_string}\"},\"query-input\":{\"@type\":\"PropertyValueSpecification\",\"valueRequired\":true,\"valueName\":\"search_term_string\"}}],\"inLanguage\":\"es\"},{\"@type\":\"Organization\",\"@id\":\"https:\/\/vitaldent.diga-33.com\/es\/#organization\",\"name\":\"Vitaldent\",\"url\":\"https:\/\/vitaldent.diga-33.com\/es\/\",\"logo\":{\"@type\":\"ImageObject\",\"inLanguage\":\"es\",\"@id\":\"https:\/\/vitaldent.diga-33.com\/es\/#\/schema\/logo\/image\/\",\"url\":\"https:\/\/vitaldent.diga-33.com\/wp-content\/uploads\/2024\/03\/logo.svg\",\"contentUrl\":\"https:\/\/vitaldent.diga-33.com\/wp-content\/uploads\/2024\/03\/logo.svg\",\"width\":391,\"height\":63,\"caption\":\"Vitaldent\"},\"image\":{\"@id\":\"https:\/\/vitaldent.diga-33.com\/es\/#\/schema\/logo\/image\/\"},\"sameAs\":[\"https:\/\/www.facebook.com\/vitaldentespana\/\",\"https:\/\/www.linkedin.com\/company\/grupovitaldent\/\",\"https:\/\/www.instagram.com\/vitaldent_es\/\",\"https:\/\/www.youtube.com\/user\/vitaldentespana\",\"https:\/\/twitter.com\/vitaldent_es?lang=es\"]}]}<\/script>\n<!-- \/ Yoast SEO plugin. -->","yoast_head_json":{"title":"IA para apoyar nuestra praxis m\u00e9dica - Vitaldent","description":"Cl\u00ednicas Dentales Vitaldent: los mejores tratamientos dentales los encontrar\u00e1s en nuestras cl\u00ednicas","robots":{"index":"noindex","follow":"nofollow"},"og_locale":"es_ES","og_type":"article","og_title":"IA para apoyar nuestra praxis m\u00e9dica - Vitaldent","og_description":"Cl\u00ednicas Dentales Vitaldent: los mejores tratamientos dentales los encontrar\u00e1s en nuestras cl\u00ednicas","og_url":"https:\/\/vitaldent.diga-33.com\/es\/ia-para-apoyar-nuestra-praxis-medica\/","og_site_name":"Vitaldent - Cl\u00ednicas Dentales | Tratamientos y Consejos","article_publisher":"https:\/\/www.facebook.com\/vitaldentespana\/","article_modified_time":"2025-04-07T12:51:25+00:00","twitter_card":"summary_large_image","schema":{"@context":"https:\/\/schema.org","@graph":[{"@type":"WebPage","@id":"https:\/\/vitaldent.diga-33.com\/es\/ia-para-apoyar-nuestra-praxis-medica\/","url":"https:\/\/vitaldent.diga-33.com\/es\/ia-para-apoyar-nuestra-praxis-medica\/","name":"IA para apoyar nuestra praxis m\u00e9dica - Vitaldent","isPartOf":{"@id":"https:\/\/vitaldent.diga-33.com\/es\/#website"},"datePublished":"2025-04-07T12:46:47+00:00","dateModified":"2025-04-07T12:51:25+00:00","description":"Cl\u00ednicas Dentales Vitaldent: los mejores tratamientos dentales los encontrar\u00e1s en nuestras cl\u00ednicas","breadcrumb":{"@id":"https:\/\/vitaldent.diga-33.com\/es\/ia-para-apoyar-nuestra-praxis-medica\/#breadcrumb"},"inLanguage":"es","potentialAction":[{"@type":"ReadAction","target":["https:\/\/vitaldent.diga-33.com\/es\/ia-para-apoyar-nuestra-praxis-medica\/"]}]},{"@type":"BreadcrumbList","@id":"https:\/\/vitaldent.diga-33.com\/es\/ia-para-apoyar-nuestra-praxis-medica\/#breadcrumb","itemListElement":[{"@type":"ListItem","position":1,"name":"Inicio","item":"https:\/\/vitaldent.diga-33.com\/es\/"},{"@type":"ListItem","position":2,"name":"IA para apoyar nuestra praxis m\u00e9dica"}]},{"@type":"WebSite","@id":"https:\/\/vitaldent.diga-33.com\/es\/#website","url":"https:\/\/vitaldent.diga-33.com\/es\/","name":"Vitaldent - Cl\u00ednicas Dentales | Tratamientos y Consejos","description":"Vitaldent somos una compa\u00f1\u00eda dental comprometida con nuestros pacientes, con m\u00e1s de 30 a\u00f1os de experiencia, que cuenta con la mayor red de cl\u00ednicas en Espa\u00f1a.","publisher":{"@id":"https:\/\/vitaldent.diga-33.com\/es\/#organization"},"potentialAction":[{"@type":"SearchAction","target":{"@type":"EntryPoint","urlTemplate":"https:\/\/vitaldent.diga-33.com\/es\/?s={search_term_string}"},"query-input":{"@type":"PropertyValueSpecification","valueRequired":true,"valueName":"search_term_string"}}],"inLanguage":"es"},{"@type":"Organization","@id":"https:\/\/vitaldent.diga-33.com\/es\/#organization","name":"Vitaldent","url":"https:\/\/vitaldent.diga-33.com\/es\/","logo":{"@type":"ImageObject","inLanguage":"es","@id":"https:\/\/vitaldent.diga-33.com\/es\/#\/schema\/logo\/image\/","url":"https:\/\/vitaldent.diga-33.com\/wp-content\/uploads\/2024\/03\/logo.svg","contentUrl":"https:\/\/vitaldent.diga-33.com\/wp-content\/uploads\/2024\/03\/logo.svg","width":391,"height":63,"caption":"Vitaldent"},"image":{"@id":"https:\/\/vitaldent.diga-33.com\/es\/#\/schema\/logo\/image\/"},"sameAs":["https:\/\/www.facebook.com\/vitaldentespana\/","https:\/\/www.linkedin.com\/company\/grupovitaldent\/","https:\/\/www.instagram.com\/vitaldent_es\/","https:\/\/www.youtube.com\/user\/vitaldentespana","https:\/\/twitter.com\/vitaldent_es?lang=es"]}]}},"_links":{"self":[{"href":"https:\/\/vitaldent.diga-33.com\/es\/wp-json\/wp\/v2\/pages\/14460","targetHints":{"allow":["GET"]}}],"collection":[{"href":"https:\/\/vitaldent.diga-33.com\/es\/wp-json\/wp\/v2\/pages"}],"about":[{"href":"https:\/\/vitaldent.diga-33.com\/es\/wp-json\/wp\/v2\/types\/page"}],"author":[{"embeddable":true,"href":"https:\/\/vitaldent.diga-33.com\/es\/wp-json\/wp\/v2\/users\/1"}],"replies":[{"embeddable":true,"href":"https:\/\/vitaldent.diga-33.com\/es\/wp-json\/wp\/v2\/comments?post=14460"}],"version-history":[{"count":0,"href":"https:\/\/vitaldent.diga-33.com\/es\/wp-json\/wp\/v2\/pages\/14460\/revisions"}],"wp:attachment":[{"href":"https:\/\/vitaldent.diga-33.com\/es\/wp-json\/wp\/v2\/media?parent=14460"}],"curies":[{"name":"wp","href":"https:\/\/api.w.org\/{rel}","templated":true}]}}