{"id":14854,"date":"2025-04-09T15:02:32","date_gmt":"2025-04-09T13:02:32","guid":{"rendered":"https:\/\/vitaldent.diga-33.com\/?page_id=14854"},"modified":"2025-04-30T10:34:34","modified_gmt":"2025-04-30T08:34:34","slug":"buzon-de-sugerencias","status":"publish","type":"page","link":"https:\/\/vitaldent.diga-33.com\/es\/buzon-de-sugerencias\/","title":{"rendered":"Buz\u00f3n de sugerencias"},"content":{"rendered":"\t\t<div data-elementor-type=\"wp-page\" data-elementor-id=\"14854\" class=\"elementor elementor-14854\" data-elementor-post-type=\"page\">\n\t\t\t\t<div class=\"elementor-element elementor-element-756a532 blue-lines lines-left lines-right blue-lines-top blue-lines-bottom e-flex e-con-boxed e-con e-parent\" data-id=\"756a532\" data-element_type=\"container\">\n\t\t\t\t\t<div class=\"e-con-inner\">\n\t\t\t\t<div class=\"elementor-element elementor-element-c9c4616 elementor-widget elementor-widget-heading\" data-id=\"c9c4616\" data-element_type=\"widget\" data-widget_type=\"heading.default\">\n\t\t\t\t\t<h2 class=\"elementor-heading-title elementor-size-default\">\u00bfTienes alguna sugerencia?<\/h2>\t\t\t\t<\/div>\n\t\t\t\t<div class=\"elementor-element elementor-element-b22a927 elementor-widget elementor-widget-text-editor\" data-id=\"b22a927\" data-element_type=\"widget\" data-widget_type=\"text-editor.default\">\n\t\t\t\t\t\t\t\t\t<p class=\"txt-centro txt-xl\">Ay\u00fadanos a mejorar nuestra calidad de servicio y comparte tus sugerencias e inquietudes<\/p>\t\t\t\t\t\t\t\t<\/div>\n\t\t<div class=\"elementor-element elementor-element-da88d6c e-con-full e-flex e-con e-child\" data-id=\"da88d6c\" data-element_type=\"container\">\n\t\t\t\t<div class=\"elementor-element elementor-element-7efed73 elementor-widget elementor-widget-image\" data-id=\"7efed73\" data-element_type=\"widget\" data-widget_type=\"image.default\">\n\t\t\t\t\t\t\t\t\t\t\t\t\t\t\t<img fetchpriority=\"high\" decoding=\"async\" width=\"460\" height=\"460\" src=\"https:\/\/vitaldent.diga-33.com\/wp-content\/uploads\/2025\/04\/buzon-de-sugerencias-decorativa.webp\" class=\"attachment-large size-large wp-image-16381\" alt=\"El env\u00edo se ha realizado correctamente.\" srcset=\"https:\/\/vitaldent.diga-33.com\/wp-content\/uploads\/2025\/04\/buzon-de-sugerencias-decorativa.webp 460w, https:\/\/vitaldent.diga-33.com\/wp-content\/uploads\/2025\/04\/buzon-de-sugerencias-decorativa-300x300.webp 300w, https:\/\/vitaldent.diga-33.com\/wp-content\/uploads\/2025\/04\/buzon-de-sugerencias-decorativa-150x150.webp 150w\" sizes=\"(max-width: 460px) 100vw, 460px\" \/>\t\t\t\t\t\t\t\t\t\t\t\t\t\t\t<\/div>\n\t\t\t\t<div class=\"elementor-element elementor-element-a209c78 elementor-widget__width-initial elementor-button-align-stretch elementor-widget elementor-widget-form\" data-id=\"a209c78\" data-element_type=\"widget\" data-settings=\"{&quot;step_next_label&quot;:&quot;Siguiente&quot;,&quot;step_previous_label&quot;:&quot;Anterior&quot;,&quot;button_width&quot;:&quot;100&quot;,&quot;step_type&quot;:&quot;number_text&quot;,&quot;step_icon_shape&quot;:&quot;circle&quot;}\" data-widget_type=\"form.default\">\n\t\t\t\t\t\t\t<form class=\"elementor-form\" method=\"post\" name=\"Nuevo formulario\">\n\t\t\t<input type=\"hidden\" name=\"post_id\" value=\"14854\"\/>\n\t\t\t<input type=\"hidden\" name=\"form_id\" value=\"a209c78\"\/>\n\t\t\t<input type=\"hidden\" name=\"referer_title\" value=\"Vitaldent &#8211; Cl\u00ednicas Dentales | Tratamientos y Consejos\" \/>\n\n\t\t\t\n\t\t\t<div class=\"elementor-form-fields-wrapper elementor-labels-above\">\n\t\t\t\t\t\t\t\t<div class=\"elementor-field-type-text elementor-field-group elementor-column elementor-field-group-name elementor-col-100 elementor-field-required\">\n\t\t\t\t\t\t\t\t\t\t\t\t<label for=\"form-field-name\" class=\"elementor-field-label\">\n\t\t\t\t\t\t\t\tNombre y apellidos *\t\t\t\t\t\t\t<\/label>\n\t\t\t\t\t\t\t\t\t\t\t\t\t\t<input size=\"1\" type=\"text\" name=\"form_fields[name]\" id=\"form-field-name\" class=\"elementor-field elementor-size-sm  elementor-field-textual\" placeholder=\"Ej. Mar\u00eda Jos\u00e9 Garc\u00eda\" required=\"required\">\n\t\t\t\t\t\t\t\t\t\t\t<\/div>\n\t\t\t\t\t\t\t\t<div class=\"elementor-field-type-tel elementor-field-group elementor-column elementor-field-group-field_f1f3dea elementor-col-100 elementor-field-required\">\n\t\t\t\t\t\t\t\t\t\t\t\t<label for=\"form-field-field_f1f3dea\" class=\"elementor-field-label\">\n\t\t\t\t\t\t\t\ttel\u00e9fono *\t\t\t\t\t\t\t<\/label>\n\t\t\t\t\t\t\t\t<input size=\"1\" type=\"tel\" name=\"form_fields[field_f1f3dea]\" id=\"form-field-field_f1f3dea\" class=\"elementor-field elementor-size-sm  elementor-field-textual\" placeholder=\"Ej. 612345678\" required=\"required\" pattern=\"[0-9()#&amp;+*-=.]+\" title=\"Solo se aceptan n\u00fameros y caracteres de tel\u00e9fono (#,-,*,etc).\">\n\n\t\t\t\t\t\t<\/div>\n\t\t\t\t\t\t\t\t<div class=\"elementor-field-type-email elementor-field-group elementor-column elementor-field-group-email elementor-col-100 elementor-field-required\">\n\t\t\t\t\t\t\t\t\t\t\t\t<label for=\"form-field-email\" class=\"elementor-field-label\">\n\t\t\t\t\t\t\t\tCorreo electr\u00f3nico *\t\t\t\t\t\t\t<\/label>\n\t\t\t\t\t\t\t\t\t\t\t\t\t\t<input size=\"1\" type=\"email\" name=\"form_fields[email]\" id=\"form-field-email\" class=\"elementor-field elementor-size-sm  elementor-field-textual\" placeholder=\"Correo electr\u00f3nico\" required=\"required\">\n\t\t\t\t\t\t\t\t\t\t\t<\/div>\n\t\t\t\t\t\t\t\t<div class=\"elementor-field-type-text elementor-field-group elementor-column elementor-field-group-field_42a2d8f elementor-col-100 elementor-field-required\">\n\t\t\t\t\t\t\t\t\t\t\t\t<label for=\"form-field-field_42a2d8f\" class=\"elementor-field-label\">\n\t\t\t\t\t\t\t\tdirecci\u00f3n de cl\u00ednica *\t\t\t\t\t\t\t<\/label>\n\t\t\t\t\t\t\t\t\t\t\t\t\t\t<input size=\"1\" type=\"text\" name=\"form_fields[field_42a2d8f]\" id=\"form-field-field_42a2d8f\" class=\"elementor-field elementor-size-sm  elementor-field-textual\" placeholder=\"Ej. Fern\u00e1ndez de los R\u00edos 14\" required=\"required\">\n\t\t\t\t\t\t\t\t\t\t\t<\/div>\n\t\t\t\t\t\t\t\t<div class=\"elementor-field-type-text elementor-field-group elementor-column elementor-field-group-field_985d385 elementor-col-100 elementor-field-required\">\n\t\t\t\t\t\t\t\t\t\t\t\t<label for=\"form-field-field_985d385\" class=\"elementor-field-label\">\n\t\t\t\t\t\t\t\tProvincia *\t\t\t\t\t\t\t<\/label>\n\t\t\t\t\t\t\t\t\t\t\t\t\t\t<input size=\"1\" type=\"text\" name=\"form_fields[field_985d385]\" id=\"form-field-field_985d385\" class=\"elementor-field elementor-size-sm  elementor-field-textual\" placeholder=\"Ej. Madrid\" required=\"required\">\n\t\t\t\t\t\t\t\t\t\t\t<\/div>\n\t\t\t\t\t\t\t\t<div class=\"elementor-field-type-text elementor-field-group elementor-column elementor-field-group-field_be15d2c elementor-col-100\">\n\t\t\t\t\t\t\t\t\t\t\t\t<label for=\"form-field-field_be15d2c\" class=\"elementor-field-label\">\n\t\t\t\t\t\t\t\tCu\u00e9ntanos tu experiencia\t\t\t\t\t\t\t<\/label>\n\t\t\t\t\t\t\t\t\t\t\t\t\t\t<input size=\"1\" type=\"text\" name=\"form_fields[field_be15d2c]\" id=\"form-field-field_be15d2c\" class=\"elementor-field elementor-size-sm  elementor-field-textual\" placeholder=\"Ej. Mejorar la puntualidad de los doctores\">\n\t\t\t\t\t\t\t\t\t\t\t<\/div>\n\t\t\t\t\t\t\t\t<div class=\"elementor-field-type-acceptance elementor-field-group elementor-column elementor-field-group-field_073e9e4 elementor-col-100\">\n\t\t\t\t\t\t\t<div class=\"elementor-field-subgroup\">\n\t\t\t<span class=\"elementor-field-option\">\n\t\t\t\t<input type=\"checkbox\" name=\"form_fields[field_073e9e4]\" id=\"form-field-field_073e9e4\" class=\"elementor-field elementor-size-sm  elementor-acceptance-field\">\n\t\t\t\t<label for=\"form-field-field_073e9e4\">He le\u00eddo y acepto la <a href=\"https:\/\/vitaldent.diga-33.com\/es\/politica-de-privacidad\">pol\u00edtica de protecci\u00f3n de datos<\/a><\/label>\t\t\t<\/span>\n\t\t<\/div>\n\t\t\t\t\t\t<\/div>\n\t\t\t\t\t\t\t\t<div class=\"elementor-field-group elementor-column elementor-field-type-submit elementor-col-100 e-form__buttons\">\n\t\t\t\t\t<button class=\"elementor-button elementor-size-sm\" type=\"submit\">\n\t\t\t\t\t\t<span class=\"elementor-button-content-wrapper\">\n\t\t\t\t\t\t\t\t\t\t\t\t\t\t\t\t\t\t\t\t\t\t<span class=\"elementor-button-text\">Enviar<\/span>\n\t\t\t\t\t\t\t\t\t\t\t\t\t<\/span>\n\t\t\t\t\t<\/button>\n\t\t\t\t<\/div>\n\t\t\t<\/div>\n\t\t<\/form>\n\t\t\t\t\t\t<\/div>\n\t\t\t\t<\/div>\n\t\t\t\t\t<\/div>\n\t\t\t\t<\/div>\n\t\t\t\t<\/div>\n\t\t","protected":false},"excerpt":{"rendered":"<p>\u00bfTienes alguna sugerencia? Ay\u00fadanos a mejorar nuestra calidad de servicio y comparte tus sugerencias e inquietudes<\/p>\n","protected":false},"author":1,"featured_media":0,"parent":0,"menu_order":0,"comment_status":"closed","ping_status":"closed","template":"elementor_canvas","meta":{"footnotes":""},"class_list":["post-14854","page","type-page","status-publish","hentry"],"yoast_head":"<!-- This site is optimized with the Yoast SEO plugin v25.0 - https:\/\/yoast.com\/wordpress\/plugins\/seo\/ -->\n<title>Buz\u00f3n de sugerencias - Vitaldent<\/title>\n<meta name=\"description\" content=\"Cl\u00ednicas Dentales Vitaldent: los mejores tratamientos dentales los encontrar\u00e1s en nuestras cl\u00ednicas\" \/>\n<meta name=\"robots\" content=\"noindex, nofollow\" \/>\n<meta property=\"og:locale\" content=\"es_ES\" \/>\n<meta property=\"og:type\" content=\"article\" \/>\n<meta property=\"og:title\" content=\"Buz\u00f3n de sugerencias - Vitaldent\" \/>\n<meta property=\"og:description\" content=\"Cl\u00ednicas Dentales Vitaldent: los mejores tratamientos dentales los encontrar\u00e1s en nuestras cl\u00ednicas\" \/>\n<meta property=\"og:url\" content=\"https:\/\/vitaldent.diga-33.com\/es\/buzon-de-sugerencias\/\" \/>\n<meta property=\"og:site_name\" content=\"Vitaldent - Cl\u00ednicas Dentales | Tratamientos y Consejos\" \/>\n<meta property=\"article:publisher\" content=\"https:\/\/www.facebook.com\/vitaldentespana\/\" \/>\n<meta property=\"article:modified_time\" content=\"2025-04-30T08:34:34+00:00\" \/>\n<meta property=\"og:image\" content=\"https:\/\/vitaldent.diga-33.com\/wp-content\/uploads\/2025\/04\/buzon-de-sugerencias-decorativa.webp\" \/>\n<meta name=\"twitter:card\" content=\"summary_large_image\" \/>\n<script type=\"application\/ld+json\" class=\"yoast-schema-graph\">{\"@context\":\"https:\/\/schema.org\",\"@graph\":[{\"@type\":\"WebPage\",\"@id\":\"https:\/\/vitaldent.diga-33.com\/es\/buzon-de-sugerencias\/\",\"url\":\"https:\/\/vitaldent.diga-33.com\/es\/buzon-de-sugerencias\/\",\"name\":\"Buz\u00f3n de sugerencias - Vitaldent\",\"isPartOf\":{\"@id\":\"https:\/\/vitaldent.diga-33.com\/es\/#website\"},\"primaryImageOfPage\":{\"@id\":\"https:\/\/vitaldent.diga-33.com\/es\/buzon-de-sugerencias\/#primaryimage\"},\"image\":{\"@id\":\"https:\/\/vitaldent.diga-33.com\/es\/buzon-de-sugerencias\/#primaryimage\"},\"thumbnailUrl\":\"https:\/\/vitaldent.diga-33.com\/wp-content\/uploads\/2025\/04\/buzon-de-sugerencias-decorativa.webp\",\"datePublished\":\"2025-04-09T13:02:32+00:00\",\"dateModified\":\"2025-04-30T08:34:34+00:00\",\"description\":\"Cl\u00ednicas Dentales Vitaldent: los mejores tratamientos dentales los encontrar\u00e1s en nuestras cl\u00ednicas\",\"breadcrumb\":{\"@id\":\"https:\/\/vitaldent.diga-33.com\/es\/buzon-de-sugerencias\/#breadcrumb\"},\"inLanguage\":\"es\",\"potentialAction\":[{\"@type\":\"ReadAction\",\"target\":[\"https:\/\/vitaldent.diga-33.com\/es\/buzon-de-sugerencias\/\"]}]},{\"@type\":\"ImageObject\",\"inLanguage\":\"es\",\"@id\":\"https:\/\/vitaldent.diga-33.com\/es\/buzon-de-sugerencias\/#primaryimage\",\"url\":\"https:\/\/vitaldent.diga-33.com\/wp-content\/uploads\/2025\/04\/buzon-de-sugerencias-decorativa.webp\",\"contentUrl\":\"https:\/\/vitaldent.diga-33.com\/wp-content\/uploads\/2025\/04\/buzon-de-sugerencias-decorativa.webp\"},{\"@type\":\"BreadcrumbList\",\"@id\":\"https:\/\/vitaldent.diga-33.com\/es\/buzon-de-sugerencias\/#breadcrumb\",\"itemListElement\":[{\"@type\":\"ListItem\",\"position\":1,\"name\":\"Inicio\",\"item\":\"https:\/\/vitaldent.diga-33.com\/es\/\"},{\"@type\":\"ListItem\",\"position\":2,\"name\":\"Buz\u00f3n de sugerencias\"}]},{\"@type\":\"WebSite\",\"@id\":\"https:\/\/vitaldent.diga-33.com\/es\/#website\",\"url\":\"https:\/\/vitaldent.diga-33.com\/es\/\",\"name\":\"Vitaldent - Cl\u00ednicas Dentales | Tratamientos y Consejos\",\"description\":\"Vitaldent somos una compa\u00f1\u00eda dental comprometida con nuestros pacientes, con m\u00e1s de 30 a\u00f1os de experiencia, que cuenta con la mayor red de cl\u00ednicas en Espa\u00f1a.\",\"publisher\":{\"@id\":\"https:\/\/vitaldent.diga-33.com\/es\/#organization\"},\"potentialAction\":[{\"@type\":\"SearchAction\",\"target\":{\"@type\":\"EntryPoint\",\"urlTemplate\":\"https:\/\/vitaldent.diga-33.com\/es\/?s={search_term_string}\"},\"query-input\":{\"@type\":\"PropertyValueSpecification\",\"valueRequired\":true,\"valueName\":\"search_term_string\"}}],\"inLanguage\":\"es\"},{\"@type\":\"Organization\",\"@id\":\"https:\/\/vitaldent.diga-33.com\/es\/#organization\",\"name\":\"Vitaldent\",\"url\":\"https:\/\/vitaldent.diga-33.com\/es\/\",\"logo\":{\"@type\":\"ImageObject\",\"inLanguage\":\"es\",\"@id\":\"https:\/\/vitaldent.diga-33.com\/es\/#\/schema\/logo\/image\/\",\"url\":\"https:\/\/vitaldent.diga-33.com\/wp-content\/uploads\/2024\/03\/logo.svg\",\"contentUrl\":\"https:\/\/vitaldent.diga-33.com\/wp-content\/uploads\/2024\/03\/logo.svg\",\"width\":391,\"height\":63,\"caption\":\"Vitaldent\"},\"image\":{\"@id\":\"https:\/\/vitaldent.diga-33.com\/es\/#\/schema\/logo\/image\/\"},\"sameAs\":[\"https:\/\/www.facebook.com\/vitaldentespana\/\",\"https:\/\/www.linkedin.com\/company\/grupovitaldent\/\",\"https:\/\/www.instagram.com\/vitaldent_es\/\",\"https:\/\/www.youtube.com\/user\/vitaldentespana\",\"https:\/\/twitter.com\/vitaldent_es?lang=es\"]}]}<\/script>\n<!-- \/ Yoast SEO plugin. -->","yoast_head_json":{"title":"Buz\u00f3n de sugerencias - Vitaldent","description":"Cl\u00ednicas Dentales Vitaldent: los mejores tratamientos dentales los encontrar\u00e1s en nuestras cl\u00ednicas","robots":{"index":"noindex","follow":"nofollow"},"og_locale":"es_ES","og_type":"article","og_title":"Buz\u00f3n de sugerencias - Vitaldent","og_description":"Cl\u00ednicas Dentales Vitaldent: los mejores tratamientos dentales los encontrar\u00e1s en nuestras cl\u00ednicas","og_url":"https:\/\/vitaldent.diga-33.com\/es\/buzon-de-sugerencias\/","og_site_name":"Vitaldent - Cl\u00ednicas Dentales | Tratamientos y Consejos","article_publisher":"https:\/\/www.facebook.com\/vitaldentespana\/","article_modified_time":"2025-04-30T08:34:34+00:00","og_image":[{"url":"https:\/\/vitaldent.diga-33.com\/wp-content\/uploads\/2025\/04\/buzon-de-sugerencias-decorativa.webp","type":"","width":"","height":""}],"twitter_card":"summary_large_image","schema":{"@context":"https:\/\/schema.org","@graph":[{"@type":"WebPage","@id":"https:\/\/vitaldent.diga-33.com\/es\/buzon-de-sugerencias\/","url":"https:\/\/vitaldent.diga-33.com\/es\/buzon-de-sugerencias\/","name":"Buz\u00f3n de sugerencias - Vitaldent","isPartOf":{"@id":"https:\/\/vitaldent.diga-33.com\/es\/#website"},"primaryImageOfPage":{"@id":"https:\/\/vitaldent.diga-33.com\/es\/buzon-de-sugerencias\/#primaryimage"},"image":{"@id":"https:\/\/vitaldent.diga-33.com\/es\/buzon-de-sugerencias\/#primaryimage"},"thumbnailUrl":"https:\/\/vitaldent.diga-33.com\/wp-content\/uploads\/2025\/04\/buzon-de-sugerencias-decorativa.webp","datePublished":"2025-04-09T13:02:32+00:00","dateModified":"2025-04-30T08:34:34+00:00","description":"Cl\u00ednicas Dentales Vitaldent: los mejores tratamientos dentales los encontrar\u00e1s en nuestras cl\u00ednicas","breadcrumb":{"@id":"https:\/\/vitaldent.diga-33.com\/es\/buzon-de-sugerencias\/#breadcrumb"},"inLanguage":"es","potentialAction":[{"@type":"ReadAction","target":["https:\/\/vitaldent.diga-33.com\/es\/buzon-de-sugerencias\/"]}]},{"@type":"ImageObject","inLanguage":"es","@id":"https:\/\/vitaldent.diga-33.com\/es\/buzon-de-sugerencias\/#primaryimage","url":"https:\/\/vitaldent.diga-33.com\/wp-content\/uploads\/2025\/04\/buzon-de-sugerencias-decorativa.webp","contentUrl":"https:\/\/vitaldent.diga-33.com\/wp-content\/uploads\/2025\/04\/buzon-de-sugerencias-decorativa.webp"},{"@type":"BreadcrumbList","@id":"https:\/\/vitaldent.diga-33.com\/es\/buzon-de-sugerencias\/#breadcrumb","itemListElement":[{"@type":"ListItem","position":1,"name":"Inicio","item":"https:\/\/vitaldent.diga-33.com\/es\/"},{"@type":"ListItem","position":2,"name":"Buz\u00f3n de sugerencias"}]},{"@type":"WebSite","@id":"https:\/\/vitaldent.diga-33.com\/es\/#website","url":"https:\/\/vitaldent.diga-33.com\/es\/","name":"Vitaldent - Cl\u00ednicas Dentales | Tratamientos y Consejos","description":"Vitaldent somos una compa\u00f1\u00eda dental comprometida con nuestros pacientes, con m\u00e1s de 30 a\u00f1os de experiencia, que cuenta con la mayor red de cl\u00ednicas en Espa\u00f1a.","publisher":{"@id":"https:\/\/vitaldent.diga-33.com\/es\/#organization"},"potentialAction":[{"@type":"SearchAction","target":{"@type":"EntryPoint","urlTemplate":"https:\/\/vitaldent.diga-33.com\/es\/?s={search_term_string}"},"query-input":{"@type":"PropertyValueSpecification","valueRequired":true,"valueName":"search_term_string"}}],"inLanguage":"es"},{"@type":"Organization","@id":"https:\/\/vitaldent.diga-33.com\/es\/#organization","name":"Vitaldent","url":"https:\/\/vitaldent.diga-33.com\/es\/","logo":{"@type":"ImageObject","inLanguage":"es","@id":"https:\/\/vitaldent.diga-33.com\/es\/#\/schema\/logo\/image\/","url":"https:\/\/vitaldent.diga-33.com\/wp-content\/uploads\/2024\/03\/logo.svg","contentUrl":"https:\/\/vitaldent.diga-33.com\/wp-content\/uploads\/2024\/03\/logo.svg","width":391,"height":63,"caption":"Vitaldent"},"image":{"@id":"https:\/\/vitaldent.diga-33.com\/es\/#\/schema\/logo\/image\/"},"sameAs":["https:\/\/www.facebook.com\/vitaldentespana\/","https:\/\/www.linkedin.com\/company\/grupovitaldent\/","https:\/\/www.instagram.com\/vitaldent_es\/","https:\/\/www.youtube.com\/user\/vitaldentespana","https:\/\/twitter.com\/vitaldent_es?lang=es"]}]}},"_links":{"self":[{"href":"https:\/\/vitaldent.diga-33.com\/es\/wp-json\/wp\/v2\/pages\/14854","targetHints":{"allow":["GET"]}}],"collection":[{"href":"https:\/\/vitaldent.diga-33.com\/es\/wp-json\/wp\/v2\/pages"}],"about":[{"href":"https:\/\/vitaldent.diga-33.com\/es\/wp-json\/wp\/v2\/types\/page"}],"author":[{"embeddable":true,"href":"https:\/\/vitaldent.diga-33.com\/es\/wp-json\/wp\/v2\/users\/1"}],"replies":[{"embeddable":true,"href":"https:\/\/vitaldent.diga-33.com\/es\/wp-json\/wp\/v2\/comments?post=14854"}],"version-history":[{"count":0,"href":"https:\/\/vitaldent.diga-33.com\/es\/wp-json\/wp\/v2\/pages\/14854\/revisions"}],"wp:attachment":[{"href":"https:\/\/vitaldent.diga-33.com\/es\/wp-json\/wp\/v2\/media?parent=14854"}],"curies":[{"name":"wp","href":"https:\/\/api.w.org\/{rel}","templated":true}]}}