{"id":14875,"date":"2025-04-09T15:32:12","date_gmt":"2025-04-09T13:32:12","guid":{"rendered":"https:\/\/vitaldent.diga-33.com\/?page_id=14875"},"modified":"2025-04-09T15:34:09","modified_gmt":"2025-04-09T13:34:09","slug":"gracias-contactamos-contigo","status":"publish","type":"page","link":"https:\/\/vitaldent.diga-33.com\/es\/gracias-contactamos-contigo\/","title":{"rendered":"Gracias contactamos contigo"},"content":{"rendered":"\t\t<div data-elementor-type=\"wp-page\" data-elementor-id=\"14875\" class=\"elementor elementor-14875\" data-elementor-post-type=\"page\">\n\t\t\t\t<div class=\"elementor-element elementor-element-756a532 e-flex e-con-boxed e-con e-parent\" data-id=\"756a532\" data-element_type=\"container\">\n\t\t\t\t\t<div class=\"e-con-inner\">\n\t\t\t\t<div class=\"elementor-element elementor-element-c9c4616 elementor-widget elementor-widget-heading\" data-id=\"c9c4616\" data-element_type=\"widget\" data-widget_type=\"heading.default\">\n\t\t\t\t\t<h1 class=\"elementor-heading-title elementor-size-default\">\u00a1GRACIAS!\n<\/h1>\t\t\t\t<\/div>\n\t\t\t\t<div class=\"elementor-element elementor-element-b22a927 elementor-widget elementor-widget-text-editor\" data-id=\"b22a927\" data-element_type=\"widget\" data-widget_type=\"text-editor.default\">\n\t\t\t\t\t\t\t\t\t<p class=\"txt-centro txt-xl\">Hemos recibido tu solicitud.<br \/>Nos pondremos en contacto contigo lo antes posible.\u00a0<\/p>\t\t\t\t\t\t\t\t<\/div>\n\t\t\t\t<div class=\"elementor-element elementor-element-311de46 elementor-widget elementor-widget-image\" data-id=\"311de46\" data-element_type=\"widget\" data-widget_type=\"image.default\">\n\t\t\t\t\t\t\t\t\t\t\t\t\t\t\t\t<a href=\"https:\/\/vitaldent.diga-33.com\/es\/buzon-de-sugerencias\/\">\n\t\t\t\t\t\t\t<img decoding=\"async\" width=\"240\" height=\"24\" src=\"https:\/\/vitaldent.diga-33.com\/wp-content\/uploads\/2024\/03\/Logo-Vitaldent.svg\" class=\"attachment-large size-large wp-image-164\" alt=\"\" \/>\t\t\t\t\t\t\t\t<\/a>\n\t\t\t\t\t\t\t\t\t\t\t\t\t\t\t<\/div>\n\t\t\t\t\t<\/div>\n\t\t\t\t<\/div>\n\t\t\t\t<\/div>\n\t\t","protected":false},"excerpt":{"rendered":"<p>\u00a1GRACIAS! Hemos recibido tu solicitud.Nos pondremos en contacto contigo lo antes posible.\u00a0<\/p>\n","protected":false},"author":1,"featured_media":0,"parent":0,"menu_order":0,"comment_status":"closed","ping_status":"closed","template":"elementor_canvas","meta":{"footnotes":""},"class_list":["post-14875","page","type-page","status-publish","hentry"],"yoast_head":"<!-- This site is optimized with the Yoast SEO plugin v25.0 - https:\/\/yoast.com\/wordpress\/plugins\/seo\/ -->\n<title>Gracias - Vitaldent<\/title>\n<meta name=\"description\" content=\"Cl\u00ednicas Dentales Vitaldent: los mejores tratamientos dentales los encontrar\u00e1s en nuestras cl\u00ednicas\" \/>\n<meta name=\"robots\" content=\"noindex, nofollow\" \/>\n<meta property=\"og:locale\" content=\"es_ES\" \/>\n<meta property=\"og:type\" content=\"article\" \/>\n<meta property=\"og:title\" content=\"Gracias - Vitaldent\" \/>\n<meta property=\"og:description\" content=\"Cl\u00ednicas Dentales Vitaldent: los mejores tratamientos dentales los encontrar\u00e1s en nuestras cl\u00ednicas\" \/>\n<meta property=\"og:url\" content=\"https:\/\/vitaldent.diga-33.com\/es\/gracias-contactamos-contigo\/\" \/>\n<meta property=\"og:site_name\" content=\"Vitaldent - Cl\u00ednicas Dentales | Tratamientos y Consejos\" \/>\n<meta property=\"article:publisher\" content=\"https:\/\/www.facebook.com\/vitaldentespana\/\" \/>\n<meta property=\"article:modified_time\" content=\"2025-04-09T13:34:09+00:00\" \/>\n<meta property=\"og:image\" content=\"https:\/\/vitaldent.diga-33.com\/wp-content\/uploads\/2024\/03\/Logo-Vitaldent.svg\" \/>\n<meta name=\"twitter:card\" content=\"summary_large_image\" \/>\n<script type=\"application\/ld+json\" class=\"yoast-schema-graph\">{\"@context\":\"https:\/\/schema.org\",\"@graph\":[{\"@type\":\"WebPage\",\"@id\":\"https:\/\/vitaldent.diga-33.com\/es\/gracias-contactamos-contigo\/\",\"url\":\"https:\/\/vitaldent.diga-33.com\/es\/gracias-contactamos-contigo\/\",\"name\":\"Gracias - Vitaldent\",\"isPartOf\":{\"@id\":\"https:\/\/vitaldent.diga-33.com\/es\/#website\"},\"primaryImageOfPage\":{\"@id\":\"https:\/\/vitaldent.diga-33.com\/es\/gracias-contactamos-contigo\/#primaryimage\"},\"image\":{\"@id\":\"https:\/\/vitaldent.diga-33.com\/es\/gracias-contactamos-contigo\/#primaryimage\"},\"thumbnailUrl\":\"https:\/\/vitaldent.diga-33.com\/wp-content\/uploads\/2024\/03\/Logo-Vitaldent.svg\",\"datePublished\":\"2025-04-09T13:32:12+00:00\",\"dateModified\":\"2025-04-09T13:34:09+00:00\",\"description\":\"Cl\u00ednicas Dentales Vitaldent: los mejores tratamientos dentales los encontrar\u00e1s en nuestras cl\u00ednicas\",\"breadcrumb\":{\"@id\":\"https:\/\/vitaldent.diga-33.com\/es\/gracias-contactamos-contigo\/#breadcrumb\"},\"inLanguage\":\"es\",\"potentialAction\":[{\"@type\":\"ReadAction\",\"target\":[\"https:\/\/vitaldent.diga-33.com\/es\/gracias-contactamos-contigo\/\"]}]},{\"@type\":\"ImageObject\",\"inLanguage\":\"es\",\"@id\":\"https:\/\/vitaldent.diga-33.com\/es\/gracias-contactamos-contigo\/#primaryimage\",\"url\":\"https:\/\/vitaldent.diga-33.com\/wp-content\/uploads\/2024\/03\/Logo-Vitaldent.svg\",\"contentUrl\":\"https:\/\/vitaldent.diga-33.com\/wp-content\/uploads\/2024\/03\/Logo-Vitaldent.svg\"},{\"@type\":\"BreadcrumbList\",\"@id\":\"https:\/\/vitaldent.diga-33.com\/es\/gracias-contactamos-contigo\/#breadcrumb\",\"itemListElement\":[{\"@type\":\"ListItem\",\"position\":1,\"name\":\"Inicio\",\"item\":\"https:\/\/vitaldent.diga-33.com\/es\/\"},{\"@type\":\"ListItem\",\"position\":2,\"name\":\"Gracias contactamos contigo\"}]},{\"@type\":\"WebSite\",\"@id\":\"https:\/\/vitaldent.diga-33.com\/es\/#website\",\"url\":\"https:\/\/vitaldent.diga-33.com\/es\/\",\"name\":\"Vitaldent - Cl\u00ednicas Dentales | Tratamientos y Consejos\",\"description\":\"Vitaldent somos una compa\u00f1\u00eda dental comprometida con nuestros pacientes, con m\u00e1s de 30 a\u00f1os de experiencia, que cuenta con la mayor red de cl\u00ednicas en Espa\u00f1a.\",\"publisher\":{\"@id\":\"https:\/\/vitaldent.diga-33.com\/es\/#organization\"},\"potentialAction\":[{\"@type\":\"SearchAction\",\"target\":{\"@type\":\"EntryPoint\",\"urlTemplate\":\"https:\/\/vitaldent.diga-33.com\/es\/?s={search_term_string}\"},\"query-input\":{\"@type\":\"PropertyValueSpecification\",\"valueRequired\":true,\"valueName\":\"search_term_string\"}}],\"inLanguage\":\"es\"},{\"@type\":\"Organization\",\"@id\":\"https:\/\/vitaldent.diga-33.com\/es\/#organization\",\"name\":\"Vitaldent\",\"url\":\"https:\/\/vitaldent.diga-33.com\/es\/\",\"logo\":{\"@type\":\"ImageObject\",\"inLanguage\":\"es\",\"@id\":\"https:\/\/vitaldent.diga-33.com\/es\/#\/schema\/logo\/image\/\",\"url\":\"https:\/\/vitaldent.diga-33.com\/wp-content\/uploads\/2024\/03\/logo.svg\",\"contentUrl\":\"https:\/\/vitaldent.diga-33.com\/wp-content\/uploads\/2024\/03\/logo.svg\",\"width\":391,\"height\":63,\"caption\":\"Vitaldent\"},\"image\":{\"@id\":\"https:\/\/vitaldent.diga-33.com\/es\/#\/schema\/logo\/image\/\"},\"sameAs\":[\"https:\/\/www.facebook.com\/vitaldentespana\/\",\"https:\/\/www.linkedin.com\/company\/grupovitaldent\/\",\"https:\/\/www.instagram.com\/vitaldent_es\/\",\"https:\/\/www.youtube.com\/user\/vitaldentespana\",\"https:\/\/twitter.com\/vitaldent_es?lang=es\"]}]}<\/script>\n<!-- \/ Yoast SEO plugin. -->","yoast_head_json":{"title":"Gracias - Vitaldent","description":"Cl\u00ednicas Dentales Vitaldent: los mejores tratamientos dentales los encontrar\u00e1s en nuestras cl\u00ednicas","robots":{"index":"noindex","follow":"nofollow"},"og_locale":"es_ES","og_type":"article","og_title":"Gracias - Vitaldent","og_description":"Cl\u00ednicas Dentales Vitaldent: los mejores tratamientos dentales los encontrar\u00e1s en nuestras cl\u00ednicas","og_url":"https:\/\/vitaldent.diga-33.com\/es\/gracias-contactamos-contigo\/","og_site_name":"Vitaldent - Cl\u00ednicas Dentales | Tratamientos y Consejos","article_publisher":"https:\/\/www.facebook.com\/vitaldentespana\/","article_modified_time":"2025-04-09T13:34:09+00:00","og_image":[{"url":"https:\/\/vitaldent.diga-33.com\/wp-content\/uploads\/2024\/03\/Logo-Vitaldent.svg","type":"","width":"","height":""}],"twitter_card":"summary_large_image","schema":{"@context":"https:\/\/schema.org","@graph":[{"@type":"WebPage","@id":"https:\/\/vitaldent.diga-33.com\/es\/gracias-contactamos-contigo\/","url":"https:\/\/vitaldent.diga-33.com\/es\/gracias-contactamos-contigo\/","name":"Gracias - Vitaldent","isPartOf":{"@id":"https:\/\/vitaldent.diga-33.com\/es\/#website"},"primaryImageOfPage":{"@id":"https:\/\/vitaldent.diga-33.com\/es\/gracias-contactamos-contigo\/#primaryimage"},"image":{"@id":"https:\/\/vitaldent.diga-33.com\/es\/gracias-contactamos-contigo\/#primaryimage"},"thumbnailUrl":"https:\/\/vitaldent.diga-33.com\/wp-content\/uploads\/2024\/03\/Logo-Vitaldent.svg","datePublished":"2025-04-09T13:32:12+00:00","dateModified":"2025-04-09T13:34:09+00:00","description":"Cl\u00ednicas Dentales Vitaldent: los mejores tratamientos dentales los encontrar\u00e1s en nuestras cl\u00ednicas","breadcrumb":{"@id":"https:\/\/vitaldent.diga-33.com\/es\/gracias-contactamos-contigo\/#breadcrumb"},"inLanguage":"es","potentialAction":[{"@type":"ReadAction","target":["https:\/\/vitaldent.diga-33.com\/es\/gracias-contactamos-contigo\/"]}]},{"@type":"ImageObject","inLanguage":"es","@id":"https:\/\/vitaldent.diga-33.com\/es\/gracias-contactamos-contigo\/#primaryimage","url":"https:\/\/vitaldent.diga-33.com\/wp-content\/uploads\/2024\/03\/Logo-Vitaldent.svg","contentUrl":"https:\/\/vitaldent.diga-33.com\/wp-content\/uploads\/2024\/03\/Logo-Vitaldent.svg"},{"@type":"BreadcrumbList","@id":"https:\/\/vitaldent.diga-33.com\/es\/gracias-contactamos-contigo\/#breadcrumb","itemListElement":[{"@type":"ListItem","position":1,"name":"Inicio","item":"https:\/\/vitaldent.diga-33.com\/es\/"},{"@type":"ListItem","position":2,"name":"Gracias contactamos contigo"}]},{"@type":"WebSite","@id":"https:\/\/vitaldent.diga-33.com\/es\/#website","url":"https:\/\/vitaldent.diga-33.com\/es\/","name":"Vitaldent - Cl\u00ednicas Dentales | Tratamientos y Consejos","description":"Vitaldent somos una compa\u00f1\u00eda dental comprometida con nuestros pacientes, con m\u00e1s de 30 a\u00f1os de experiencia, que cuenta con la mayor red de cl\u00ednicas en Espa\u00f1a.","publisher":{"@id":"https:\/\/vitaldent.diga-33.com\/es\/#organization"},"potentialAction":[{"@type":"SearchAction","target":{"@type":"EntryPoint","urlTemplate":"https:\/\/vitaldent.diga-33.com\/es\/?s={search_term_string}"},"query-input":{"@type":"PropertyValueSpecification","valueRequired":true,"valueName":"search_term_string"}}],"inLanguage":"es"},{"@type":"Organization","@id":"https:\/\/vitaldent.diga-33.com\/es\/#organization","name":"Vitaldent","url":"https:\/\/vitaldent.diga-33.com\/es\/","logo":{"@type":"ImageObject","inLanguage":"es","@id":"https:\/\/vitaldent.diga-33.com\/es\/#\/schema\/logo\/image\/","url":"https:\/\/vitaldent.diga-33.com\/wp-content\/uploads\/2024\/03\/logo.svg","contentUrl":"https:\/\/vitaldent.diga-33.com\/wp-content\/uploads\/2024\/03\/logo.svg","width":391,"height":63,"caption":"Vitaldent"},"image":{"@id":"https:\/\/vitaldent.diga-33.com\/es\/#\/schema\/logo\/image\/"},"sameAs":["https:\/\/www.facebook.com\/vitaldentespana\/","https:\/\/www.linkedin.com\/company\/grupovitaldent\/","https:\/\/www.instagram.com\/vitaldent_es\/","https:\/\/www.youtube.com\/user\/vitaldentespana","https:\/\/twitter.com\/vitaldent_es?lang=es"]}]}},"_links":{"self":[{"href":"https:\/\/vitaldent.diga-33.com\/es\/wp-json\/wp\/v2\/pages\/14875","targetHints":{"allow":["GET"]}}],"collection":[{"href":"https:\/\/vitaldent.diga-33.com\/es\/wp-json\/wp\/v2\/pages"}],"about":[{"href":"https:\/\/vitaldent.diga-33.com\/es\/wp-json\/wp\/v2\/types\/page"}],"author":[{"embeddable":true,"href":"https:\/\/vitaldent.diga-33.com\/es\/wp-json\/wp\/v2\/users\/1"}],"replies":[{"embeddable":true,"href":"https:\/\/vitaldent.diga-33.com\/es\/wp-json\/wp\/v2\/comments?post=14875"}],"version-history":[{"count":0,"href":"https:\/\/vitaldent.diga-33.com\/es\/wp-json\/wp\/v2\/pages\/14875\/revisions"}],"wp:attachment":[{"href":"https:\/\/vitaldent.diga-33.com\/es\/wp-json\/wp\/v2\/media?parent=14875"}],"curies":[{"name":"wp","href":"https:\/\/api.w.org\/{rel}","templated":true}]}}