{"id":16092,"date":"2025-04-25T15:39:27","date_gmt":"2025-04-25T13:39:27","guid":{"rendered":"https:\/\/vitaldent.diga-33.com\/?page_id=16092"},"modified":"2025-05-29T10:37:13","modified_gmt":"2025-05-29T08:37:13","slug":"accesibilidad","status":"publish","type":"page","link":"https:\/\/vitaldent.diga-33.com\/es\/accesibilidad\/","title":{"rendered":"Accesibilidad"},"content":{"rendered":"\t\t<div data-elementor-type=\"wp-page\" data-elementor-id=\"16092\" class=\"elementor elementor-16092\" data-elementor-post-type=\"page\">\n\t\t\t\t<div class=\"elementor-element elementor-element-d784e57 tooth-top-right tooth-blue smile-bottom-left smile-blue e-flex e-con-boxed e-con e-parent\" data-id=\"d784e57\" data-element_type=\"container\" data-settings=\"{&quot;background_background&quot;:&quot;classic&quot;}\">\n\t\t\t\t\t<div class=\"e-con-inner\">\n\t\t<div class=\"elementor-element elementor-element-42e72bb e-con-full e-flex e-con e-child\" data-id=\"42e72bb\" data-element_type=\"container\">\n\t\t\t\t<div class=\"elementor-element elementor-element-a0ee8d5 elementor-widget elementor-widget-heading\" data-id=\"a0ee8d5\" data-element_type=\"widget\" data-widget_type=\"heading.default\">\n\t\t\t\t\t<h1 class=\"elementor-heading-title elementor-size-default\">Accesibilidad<\/h1>\t\t\t\t<\/div>\n\t\t\t\t<div class=\"elementor-element elementor-element-dc3d147 elementor-widget elementor-widget-heading\" data-id=\"dc3d147\" data-element_type=\"widget\" data-widget_type=\"heading.default\">\n\t\t\t\t\t<span class=\"elementor-heading-title elementor-size-default\">\u00daltima revisi\u00f3n: 14\/02\/2022\n<\/span>\t\t\t\t<\/div>\n\t\t\t\t<\/div>\n\t\t\t\t\t<\/div>\n\t\t\t\t<\/div>\n\t\t<div class=\"elementor-element elementor-element-af22e83 e-flex e-con-boxed e-con e-parent\" data-id=\"af22e83\" data-element_type=\"container\">\n\t\t\t\t\t<div class=\"e-con-inner\">\n\t\t\t\t<div class=\"elementor-element elementor-element-6e46aa2 elementor-widget elementor-widget-heading\" data-id=\"6e46aa2\" data-element_type=\"widget\" data-widget_type=\"heading.default\">\n\t\t\t\t\t<h2 class=\"elementor-heading-title elementor-size-default\">Compatibilidad con est\u00e1ndares<\/h2>\t\t\t\t<\/div>\n\t\t\t\t<div class=\"elementor-element elementor-element-ef56ff6 elementor-widget elementor-widget-text-editor\" data-id=\"ef56ff6\" data-element_type=\"widget\" data-widget_type=\"text-editor.default\">\n\t\t\t\t\t\t\t\t\t<p>Este sitio web ha sido dise\u00f1ado y programado siguiendo las directrices de la iniciativa WAI (Web Accessibility Initiative,\u00a0<a title=\"Se abre en ventana nueva\" href=\"http:\/\/www.w3.org\/WAI\/\" target=\"_blank\" rel=\"external noopener\" data-uw-rm-brl=\"PR\" data-uw-original-href=\"http:\/\/www.w3.org\/WAI\/\" aria-label=\"http:\/\/www.w3.org\/WAI\/ - abrir en una nueva pesta\u00f1a\" data-uw-rm-ext-link=\"\">http:\/\/www.w3.org\/WAI\/<\/a>), que marca unos est\u00e1ndares internacionales en la creaci\u00f3n de contenidos webs accesibles a todo el mundo.<\/p><p>\u00a0<\/p>\t\t\t\t\t\t\t\t<\/div>\n\t\t<div class=\"elementor-element elementor-element-829f526 e-con-full e-flex e-con e-child\" data-id=\"829f526\" data-element_type=\"container\">\n\t\t\t\t<div class=\"elementor-element elementor-element-ae4b7ed elementor-widget elementor-widget-image\" data-id=\"ae4b7ed\" data-element_type=\"widget\" data-widget_type=\"image.default\">\n\t\t\t\t\t\t\t\t\t\t\t\t\t\t\t\t<a href=\"http:\/\/jigsaw.w3.org\/css-validator\/\">\n\t\t\t\t\t\t\t<img decoding=\"async\" width=\"80\" height=\"15\" src=\"https:\/\/vitaldent.diga-33.com\/wp-content\/uploads\/2025\/04\/w3c-valid-css-webp.webp\" class=\"attachment-large size-large wp-image-16163\" alt=\"\" \/>\t\t\t\t\t\t\t\t<\/a>\n\t\t\t\t\t\t\t\t\t\t\t\t\t\t\t<\/div>\n\t\t\t\t<div class=\"elementor-element elementor-element-d864a4e elementor-widget elementor-widget-image\" data-id=\"d864a4e\" data-element_type=\"widget\" data-widget_type=\"image.default\">\n\t\t\t\t\t\t\t\t\t\t\t\t\t\t\t\t<a href=\"http:\/\/validator.w3.org\/check?uri=referer\">\n\t\t\t\t\t\t\t<img decoding=\"async\" width=\"80\" height=\"15\" src=\"https:\/\/vitaldent.diga-33.com\/wp-content\/uploads\/2025\/04\/w3c-xhtml-10-webp.webp\" class=\"attachment-large size-large wp-image-16165\" alt=\"\" \/>\t\t\t\t\t\t\t\t<\/a>\n\t\t\t\t\t\t\t\t\t\t\t\t\t\t\t<\/div>\n\t\t\t\t<div class=\"elementor-element elementor-element-a23ad93 elementor-widget elementor-widget-image\" data-id=\"a23ad93\" data-element_type=\"widget\" data-widget_type=\"image.default\">\n\t\t\t\t\t\t\t\t\t\t\t\t\t\t\t\t<a href=\"https:\/\/www.w3.org\/WAI\/WCAG1AA-Conformance\">\n\t\t\t\t\t\t\t<img decoding=\"async\" width=\"80\" height=\"15\" src=\"https:\/\/vitaldent.diga-33.com\/wp-content\/uploads\/2025\/04\/w3c-wai-aa-webp.webp\" class=\"attachment-large size-large wp-image-16167\" alt=\"\" \/>\t\t\t\t\t\t\t\t<\/a>\n\t\t\t\t\t\t\t\t\t\t\t\t\t\t\t<\/div>\n\t\t\t\t<div class=\"elementor-element elementor-element-daf02c9 elementor-widget elementor-widget-image\" data-id=\"daf02c9\" data-element_type=\"widget\" data-widget_type=\"image.default\">\n\t\t\t\t\t\t\t\t\t\t\t\t\t\t\t\t<a href=\"http:\/\/www.tawdis.net\/\">\n\t\t\t\t\t\t\t<img loading=\"lazy\" decoding=\"async\" width=\"80\" height=\"27\" src=\"https:\/\/vitaldent.diga-33.com\/wp-content\/uploads\/2025\/04\/taw-webp.webp\" class=\"attachment-large size-large wp-image-16169\" alt=\"\" \/>\t\t\t\t\t\t\t\t<\/a>\n\t\t\t\t\t\t\t\t\t\t\t\t\t\t\t<\/div>\n\t\t\t\t<\/div>\n\t\t\t\t\t<\/div>\n\t\t\t\t<\/div>\n\t\t<div class=\"elementor-element elementor-element-4c39199 e-flex e-con-boxed e-con e-parent\" data-id=\"4c39199\" data-element_type=\"container\">\n\t\t\t\t\t<div class=\"e-con-inner\">\n\t\t\t\t<div class=\"elementor-element elementor-element-ed0181f elementor-widget elementor-widget-heading\" data-id=\"ed0181f\" data-element_type=\"widget\" data-widget_type=\"heading.default\">\n\t\t\t\t\t<h2 class=\"elementor-heading-title elementor-size-default\">Pautas de accesibilidad<\/h2>\t\t\t\t<\/div>\n\t\t\t\t<div class=\"elementor-element elementor-element-ce9b4ad elementor-widget elementor-widget-text-editor\" data-id=\"ce9b4ad\" data-element_type=\"widget\" data-widget_type=\"text-editor.default\">\n\t\t\t\t\t\t\t\t\tSe han tomado diversas medidas para hacer el sitio web m\u00e1s accesible, entre ellas:<br><br>\n<ul class=\"tipo1\">\n \t<li>Orden l\u00f3gico de presentaci\u00f3n de los elementos en pantalla.<\/li>\n \t<li>Sistema de navegaci\u00f3n simplificado, no se utilizan men\u00fas desplegables.<\/li>\n \t<li>Texto descriptivo de las im\u00e1genes.<\/li>\n \t<li>Acceso mediante teclado a las opciones principales.<\/li>\n<\/ul>\t\t\t\t\t\t\t\t<\/div>\n\t\t\t\t\t<\/div>\n\t\t\t\t<\/div>\n\t\t<div class=\"elementor-element elementor-element-890ea25 e-flex e-con-boxed e-con e-parent\" data-id=\"890ea25\" data-element_type=\"container\">\n\t\t\t\t\t<div class=\"e-con-inner\">\n\t\t\t\t<div class=\"elementor-element elementor-element-820f062 elementor-widget elementor-widget-heading\" data-id=\"820f062\" data-element_type=\"widget\" data-widget_type=\"heading.default\">\n\t\t\t\t\t<h2 class=\"elementor-heading-title elementor-size-default\">Atajos de teclado<\/h2>\t\t\t\t<\/div>\n\t\t\t\t<div class=\"elementor-element elementor-element-edef9bc elementor-widget elementor-widget-text-editor\" data-id=\"edef9bc\" data-element_type=\"widget\" data-widget_type=\"text-editor.default\">\n\t\t\t\t\t\t\t\t\tLa mayor\u00eda de los navegadores soportan ir directamente a enlaces espec\u00edficos pulsando determinadas combinaciones de teclas (teclas de acceso) definidas en el sitio web.\n<br><br>\nPor ejemplo, en Windows funciona pulsando\u00a0<kbd>Alt<\/kbd>\u00a0+\u00a0<kbd>tecla de acceso<\/kbd>\u00a0(en Internet Explorer hay que pulsar adem\u00e1s la tecla\u00a0<kbd>intro<\/kbd>); en Macintosh, funciona pulsando\u00a0<kbd>Ctrl<\/kbd>\u00a0+\u00a0<kbd>tecla de acceso<\/kbd>.\n<br><br>\nEn nuestro portal est\u00e1n disponibles las siguientes teclas de acceso:<br><br>\n<ul class=\"tipo1\">\n \t<li>0\u00a0Accesibilidad<\/li>\n \t<li>1\u00a0P\u00e1gina de inicio<\/li>\n \t<li>2\u00a0Saltar navegaci\u00f3n<\/li>\n \t<li>3\u00a0Mapa web<\/li>\n \t<li>4\u00a0B\u00fasqueda<\/li>\n \t<li>8\u00a0Aviso legal<\/li>\n \t<li>9\u00a0Contacto<\/li>\n<\/ul>\t\t\t\t\t\t\t\t<\/div>\n\t\t\t\t\t<\/div>\n\t\t\t\t<\/div>\n\t\t<div class=\"elementor-element elementor-element-ada5777 e-flex e-con-boxed e-con e-parent\" data-id=\"ada5777\" data-element_type=\"container\">\n\t\t\t\t\t<div class=\"e-con-inner\">\n\t\t\t\t<div class=\"elementor-element elementor-element-d7b8d82 elementor-widget elementor-widget-heading\" data-id=\"d7b8d82\" data-element_type=\"widget\" data-widget_type=\"heading.default\">\n\t\t\t\t\t<h2 class=\"elementor-heading-title elementor-size-default\">Enlaces<\/h2>\t\t\t\t<\/div>\n\t\t\t\t<div class=\"elementor-element elementor-element-6bb7362 elementor-widget elementor-widget-text-editor\" data-id=\"6bb7362\" data-element_type=\"widget\" data-widget_type=\"text-editor.default\">\n\t\t\t\t\t\t\t\t\t<p>Los mayor\u00eda de los enlaces cuyo texto no describe completamente el destino tienen atributos title con una aclaraci\u00f3n.<\/p><p>Cuando es posible, los enlaces se escriben de forma que tengan sentido fuera de contexto. Algunos navegadores (tales como JAWS, Home Page Reader, Lynx, y Opera) pueden extraer la lista de enlaces de la p\u00e1gina actual y permitir al usuario navegar desde esta lista. Teniendo esto en cuenta los enlaces no est\u00e1n duplicados y si lo est\u00e1n es porque acceden al mismo contenido<\/p><p>No hay pseudo-enlaces javascript:. Todos los enlaces pueden seguirse en cualquier navegador, incluso si javascript est\u00e1 deshabilitado.<\/p>\t\t\t\t\t\t\t\t<\/div>\n\t\t\t\t\t<\/div>\n\t\t\t\t<\/div>\n\t\t\t\t<\/div>\n\t\t","protected":false},"excerpt":{"rendered":"<p>\u00daltima revisi\u00f3n: 14\/02\/2022 Compatibilidad con est\u00e1ndares Este sitio web ha sido dise\u00f1ado y programado siguiendo las directrices de la iniciativa WAI (Web Accessibility Initiative,\u00a0http:\/\/www.w3.org\/WAI\/), que marca unos est\u00e1ndares internacionales en la creaci\u00f3n de contenidos webs accesibles a todo el mundo. Pautas de accesibilidad Se han tomado diversas medidas para hacer el sitio web m\u00e1s accesible, [&hellip;]<\/p>\n","protected":false},"author":8,"featured_media":0,"parent":0,"menu_order":0,"comment_status":"closed","ping_status":"closed","template":"","meta":{"footnotes":""},"class_list":["post-16092","page","type-page","status-publish","hentry"],"yoast_head":"<!-- This site is optimized with the Yoast SEO plugin v25.0 - https:\/\/yoast.com\/wordpress\/plugins\/seo\/ -->\n<title>Accesibilidad del sitio web - Vitaldent<\/title>\n<meta name=\"description\" content=\"Cl\u00ednicas Dentales Vitaldent: los mejores tratamientos dentales los encontrar\u00e1s en nuestras cl\u00ednicas\" \/>\n<meta name=\"robots\" content=\"noindex, follow, max-snippet:-1, max-image-preview:large, max-video-preview:-1\" \/>\n<meta property=\"og:locale\" content=\"es_ES\" \/>\n<meta property=\"og:type\" content=\"article\" \/>\n<meta property=\"og:title\" content=\"Accesibilidad del sitio web - Vitaldent\" \/>\n<meta property=\"og:description\" content=\"Cl\u00ednicas Dentales Vitaldent: los mejores tratamientos dentales los encontrar\u00e1s en nuestras cl\u00ednicas\" \/>\n<meta property=\"og:url\" content=\"https:\/\/vitaldent.diga-33.com\/es\/accesibilidad\/\" \/>\n<meta property=\"og:site_name\" content=\"Vitaldent - Cl\u00ednicas Dentales | Tratamientos y Consejos\" \/>\n<meta property=\"article:publisher\" content=\"https:\/\/www.facebook.com\/vitaldentespana\/\" \/>\n<meta property=\"article:modified_time\" content=\"2025-05-29T08:37:13+00:00\" \/>\n<meta property=\"og:image\" content=\"https:\/\/vitaldent.diga-33.com\/wp-content\/uploads\/2025\/04\/w3c-valid-css-webp.webp\" \/>\n<meta name=\"twitter:card\" content=\"summary_large_image\" \/>\n<meta name=\"twitter:label1\" content=\"Tiempo de lectura\" \/>\n\t<meta name=\"twitter:data1\" content=\"3 minutos\" \/>\n<script type=\"application\/ld+json\" class=\"yoast-schema-graph\">{\"@context\":\"https:\/\/schema.org\",\"@graph\":[{\"@type\":\"WebPage\",\"@id\":\"https:\/\/vitaldent.diga-33.com\/es\/accesibilidad\/\",\"url\":\"https:\/\/vitaldent.diga-33.com\/es\/accesibilidad\/\",\"name\":\"Accesibilidad del sitio web - Vitaldent\",\"isPartOf\":{\"@id\":\"https:\/\/vitaldent.diga-33.com\/es\/#website\"},\"primaryImageOfPage\":{\"@id\":\"https:\/\/vitaldent.diga-33.com\/es\/accesibilidad\/#primaryimage\"},\"image\":{\"@id\":\"https:\/\/vitaldent.diga-33.com\/es\/accesibilidad\/#primaryimage\"},\"thumbnailUrl\":\"https:\/\/vitaldent.diga-33.com\/wp-content\/uploads\/2025\/04\/w3c-valid-css-webp.webp\",\"datePublished\":\"2025-04-25T13:39:27+00:00\",\"dateModified\":\"2025-05-29T08:37:13+00:00\",\"description\":\"Cl\u00ednicas Dentales Vitaldent: los mejores tratamientos dentales los encontrar\u00e1s en nuestras cl\u00ednicas\",\"breadcrumb\":{\"@id\":\"https:\/\/vitaldent.diga-33.com\/es\/accesibilidad\/#breadcrumb\"},\"inLanguage\":\"es\",\"potentialAction\":[{\"@type\":\"ReadAction\",\"target\":[\"https:\/\/vitaldent.diga-33.com\/es\/accesibilidad\/\"]}]},{\"@type\":\"ImageObject\",\"inLanguage\":\"es\",\"@id\":\"https:\/\/vitaldent.diga-33.com\/es\/accesibilidad\/#primaryimage\",\"url\":\"https:\/\/vitaldent.diga-33.com\/wp-content\/uploads\/2025\/04\/w3c-valid-css-webp.webp\",\"contentUrl\":\"https:\/\/vitaldent.diga-33.com\/wp-content\/uploads\/2025\/04\/w3c-valid-css-webp.webp\"},{\"@type\":\"BreadcrumbList\",\"@id\":\"https:\/\/vitaldent.diga-33.com\/es\/accesibilidad\/#breadcrumb\",\"itemListElement\":[{\"@type\":\"ListItem\",\"position\":1,\"name\":\"Inicio\",\"item\":\"https:\/\/vitaldent.diga-33.com\/es\/\"},{\"@type\":\"ListItem\",\"position\":2,\"name\":\"Accesibilidad\"}]},{\"@type\":\"WebSite\",\"@id\":\"https:\/\/vitaldent.diga-33.com\/es\/#website\",\"url\":\"https:\/\/vitaldent.diga-33.com\/es\/\",\"name\":\"Vitaldent - Cl\u00ednicas Dentales | Tratamientos y Consejos\",\"description\":\"Vitaldent somos una compa\u00f1\u00eda dental comprometida con nuestros pacientes, con m\u00e1s de 30 a\u00f1os de experiencia, que cuenta con la mayor red de cl\u00ednicas en Espa\u00f1a.\",\"publisher\":{\"@id\":\"https:\/\/vitaldent.diga-33.com\/es\/#organization\"},\"potentialAction\":[{\"@type\":\"SearchAction\",\"target\":{\"@type\":\"EntryPoint\",\"urlTemplate\":\"https:\/\/vitaldent.diga-33.com\/es\/?s={search_term_string}\"},\"query-input\":{\"@type\":\"PropertyValueSpecification\",\"valueRequired\":true,\"valueName\":\"search_term_string\"}}],\"inLanguage\":\"es\"},{\"@type\":\"Organization\",\"@id\":\"https:\/\/vitaldent.diga-33.com\/es\/#organization\",\"name\":\"Vitaldent\",\"url\":\"https:\/\/vitaldent.diga-33.com\/es\/\",\"logo\":{\"@type\":\"ImageObject\",\"inLanguage\":\"es\",\"@id\":\"https:\/\/vitaldent.diga-33.com\/es\/#\/schema\/logo\/image\/\",\"url\":\"https:\/\/vitaldent.diga-33.com\/wp-content\/uploads\/2024\/03\/logo.svg\",\"contentUrl\":\"https:\/\/vitaldent.diga-33.com\/wp-content\/uploads\/2024\/03\/logo.svg\",\"width\":391,\"height\":63,\"caption\":\"Vitaldent\"},\"image\":{\"@id\":\"https:\/\/vitaldent.diga-33.com\/es\/#\/schema\/logo\/image\/\"},\"sameAs\":[\"https:\/\/www.facebook.com\/vitaldentespana\/\",\"https:\/\/www.linkedin.com\/company\/grupovitaldent\/\",\"https:\/\/www.instagram.com\/vitaldent_es\/\",\"https:\/\/www.youtube.com\/user\/vitaldentespana\",\"https:\/\/twitter.com\/vitaldent_es?lang=es\"]}]}<\/script>\n<!-- \/ Yoast SEO plugin. -->","yoast_head_json":{"title":"Accesibilidad del sitio web - Vitaldent","description":"Cl\u00ednicas Dentales Vitaldent: los mejores tratamientos dentales los encontrar\u00e1s en nuestras cl\u00ednicas","robots":{"index":"noindex","follow":"follow","max-snippet":"max-snippet:-1","max-image-preview":"max-image-preview:large","max-video-preview":"max-video-preview:-1"},"og_locale":"es_ES","og_type":"article","og_title":"Accesibilidad del sitio web - Vitaldent","og_description":"Cl\u00ednicas Dentales Vitaldent: los mejores tratamientos dentales los encontrar\u00e1s en nuestras cl\u00ednicas","og_url":"https:\/\/vitaldent.diga-33.com\/es\/accesibilidad\/","og_site_name":"Vitaldent - Cl\u00ednicas Dentales | Tratamientos y Consejos","article_publisher":"https:\/\/www.facebook.com\/vitaldentespana\/","article_modified_time":"2025-05-29T08:37:13+00:00","og_image":[{"url":"https:\/\/vitaldent.diga-33.com\/wp-content\/uploads\/2025\/04\/w3c-valid-css-webp.webp","type":"","width":"","height":""}],"twitter_card":"summary_large_image","twitter_misc":{"Tiempo de lectura":"3 minutos"},"schema":{"@context":"https:\/\/schema.org","@graph":[{"@type":"WebPage","@id":"https:\/\/vitaldent.diga-33.com\/es\/accesibilidad\/","url":"https:\/\/vitaldent.diga-33.com\/es\/accesibilidad\/","name":"Accesibilidad del sitio web - Vitaldent","isPartOf":{"@id":"https:\/\/vitaldent.diga-33.com\/es\/#website"},"primaryImageOfPage":{"@id":"https:\/\/vitaldent.diga-33.com\/es\/accesibilidad\/#primaryimage"},"image":{"@id":"https:\/\/vitaldent.diga-33.com\/es\/accesibilidad\/#primaryimage"},"thumbnailUrl":"https:\/\/vitaldent.diga-33.com\/wp-content\/uploads\/2025\/04\/w3c-valid-css-webp.webp","datePublished":"2025-04-25T13:39:27+00:00","dateModified":"2025-05-29T08:37:13+00:00","description":"Cl\u00ednicas Dentales Vitaldent: los mejores tratamientos dentales los encontrar\u00e1s en nuestras cl\u00ednicas","breadcrumb":{"@id":"https:\/\/vitaldent.diga-33.com\/es\/accesibilidad\/#breadcrumb"},"inLanguage":"es","potentialAction":[{"@type":"ReadAction","target":["https:\/\/vitaldent.diga-33.com\/es\/accesibilidad\/"]}]},{"@type":"ImageObject","inLanguage":"es","@id":"https:\/\/vitaldent.diga-33.com\/es\/accesibilidad\/#primaryimage","url":"https:\/\/vitaldent.diga-33.com\/wp-content\/uploads\/2025\/04\/w3c-valid-css-webp.webp","contentUrl":"https:\/\/vitaldent.diga-33.com\/wp-content\/uploads\/2025\/04\/w3c-valid-css-webp.webp"},{"@type":"BreadcrumbList","@id":"https:\/\/vitaldent.diga-33.com\/es\/accesibilidad\/#breadcrumb","itemListElement":[{"@type":"ListItem","position":1,"name":"Inicio","item":"https:\/\/vitaldent.diga-33.com\/es\/"},{"@type":"ListItem","position":2,"name":"Accesibilidad"}]},{"@type":"WebSite","@id":"https:\/\/vitaldent.diga-33.com\/es\/#website","url":"https:\/\/vitaldent.diga-33.com\/es\/","name":"Vitaldent - Cl\u00ednicas Dentales | Tratamientos y Consejos","description":"Vitaldent somos una compa\u00f1\u00eda dental comprometida con nuestros pacientes, con m\u00e1s de 30 a\u00f1os de experiencia, que cuenta con la mayor red de cl\u00ednicas en Espa\u00f1a.","publisher":{"@id":"https:\/\/vitaldent.diga-33.com\/es\/#organization"},"potentialAction":[{"@type":"SearchAction","target":{"@type":"EntryPoint","urlTemplate":"https:\/\/vitaldent.diga-33.com\/es\/?s={search_term_string}"},"query-input":{"@type":"PropertyValueSpecification","valueRequired":true,"valueName":"search_term_string"}}],"inLanguage":"es"},{"@type":"Organization","@id":"https:\/\/vitaldent.diga-33.com\/es\/#organization","name":"Vitaldent","url":"https:\/\/vitaldent.diga-33.com\/es\/","logo":{"@type":"ImageObject","inLanguage":"es","@id":"https:\/\/vitaldent.diga-33.com\/es\/#\/schema\/logo\/image\/","url":"https:\/\/vitaldent.diga-33.com\/wp-content\/uploads\/2024\/03\/logo.svg","contentUrl":"https:\/\/vitaldent.diga-33.com\/wp-content\/uploads\/2024\/03\/logo.svg","width":391,"height":63,"caption":"Vitaldent"},"image":{"@id":"https:\/\/vitaldent.diga-33.com\/es\/#\/schema\/logo\/image\/"},"sameAs":["https:\/\/www.facebook.com\/vitaldentespana\/","https:\/\/www.linkedin.com\/company\/grupovitaldent\/","https:\/\/www.instagram.com\/vitaldent_es\/","https:\/\/www.youtube.com\/user\/vitaldentespana","https:\/\/twitter.com\/vitaldent_es?lang=es"]}]}},"_links":{"self":[{"href":"https:\/\/vitaldent.diga-33.com\/es\/wp-json\/wp\/v2\/pages\/16092","targetHints":{"allow":["GET"]}}],"collection":[{"href":"https:\/\/vitaldent.diga-33.com\/es\/wp-json\/wp\/v2\/pages"}],"about":[{"href":"https:\/\/vitaldent.diga-33.com\/es\/wp-json\/wp\/v2\/types\/page"}],"author":[{"embeddable":true,"href":"https:\/\/vitaldent.diga-33.com\/es\/wp-json\/wp\/v2\/users\/8"}],"replies":[{"embeddable":true,"href":"https:\/\/vitaldent.diga-33.com\/es\/wp-json\/wp\/v2\/comments?post=16092"}],"version-history":[{"count":3,"href":"https:\/\/vitaldent.diga-33.com\/es\/wp-json\/wp\/v2\/pages\/16092\/revisions"}],"predecessor-version":[{"id":18007,"href":"https:\/\/vitaldent.diga-33.com\/es\/wp-json\/wp\/v2\/pages\/16092\/revisions\/18007"}],"wp:attachment":[{"href":"https:\/\/vitaldent.diga-33.com\/es\/wp-json\/wp\/v2\/media?parent=16092"}],"curies":[{"name":"wp","href":"https:\/\/api.w.org\/{rel}","templated":true}]}}